{"id":9434,"date":"2024-08-08T09:43:38","date_gmt":"2024-08-08T09:43:38","guid":{"rendered":"https:\/\/florencefortunes.com\/?page_id=9434"},"modified":"2024-08-27T13:40:55","modified_gmt":"2024-08-27T13:40:55","slug":"events","status":"publish","type":"page","link":"https:\/\/florencefortunes.com\/fr\/events\/","title":{"rendered":"\u00c9v\u00e9nements"},"content":{"rendered":"<div data-elementor-type=\"wp-page\" data-elementor-id=\"9434\" class=\"elementor elementor-9434\" data-elementor-post-type=\"page\">\n\t\t\t\t\t\t<section class=\"elementor-section elementor-top-section elementor-element elementor-element-9ec30f0 elementor-section-boxed elementor-section-height-default elementor-section-height-default\" data-id=\"9ec30f0\" data-element_type=\"section\">\n\t\t\t\t\t\t<div class=\"elementor-container elementor-column-gap-extended\">\n\t\t\t\t\t<div class=\"elementor-column elementor-col-100 elementor-top-column elementor-element elementor-element-c5e63a7 sc_inner_width_none sc_layouts_column_icons_position_left\" data-id=\"c5e63a7\" data-element_type=\"column\">\n\t\t\t<div class=\"elementor-widget-wrap elementor-element-populated\">\n\t\t\t\t\t\t<div class=\"elementor-element elementor-element-2b4184c sc_height_medium sc_fly_static elementor-widget elementor-widget-spacer\" data-id=\"2b4184c\" data-element_type=\"widget\" data-widget_type=\"spacer.default\">\n\t\t\t\t<div class=\"elementor-widget-container\">\n\t\t\t\t\t<div class=\"elementor-spacer\">\n\t\t\t<div class=\"elementor-spacer-inner\"><\/div>\n\t\t<\/div>\n\t\t\t\t<\/div>\n\t\t\t\t<\/div>\n\t\t\t\t<div class=\"elementor-element elementor-element-1db976e sc_fly_static elementor-widget elementor-widget-heading\" data-id=\"1db976e\" data-element_type=\"widget\" data-widget_type=\"heading.default\">\n\t\t\t\t<div class=\"elementor-widget-container\">\n\t\t\t<p class=\"elementor-heading-title elementor-size-default\">Evenements a Monaco <\/br>et ses Environs<\/p>\t\t<\/div>\n\t\t\t\t<\/div>\n\t\t\t\t<div class=\"elementor-element elementor-element-db600da sc_height_medium sc_fly_static elementor-widget elementor-widget-spacer\" data-id=\"db600da\" data-element_type=\"widget\" data-widget_type=\"spacer.default\">\n\t\t\t\t<div class=\"elementor-widget-container\">\n\t\t\t\t\t<div class=\"elementor-spacer\">\n\t\t\t<div class=\"elementor-spacer-inner\"><\/div>\n\t\t<\/div>\n\t\t\t\t<\/div>\n\t\t\t\t<\/div>\n\t\t\t\t\t<\/div>\n\t\t<\/div>\n\t\t\t\t\t<\/div>\n\t\t<\/section>\n\t\t\t\t<section class=\"elementor-section elementor-top-section elementor-element elementor-element-972f3ae elementor-section-boxed elementor-section-height-default elementor-section-height-default\" data-id=\"972f3ae\" data-element_type=\"section\">\n\t\t\t\t\t\t<div class=\"elementor-container elementor-column-gap-extended\">\n\t\t\t\t\t<div class=\"elementor-column elementor-col-50 elementor-top-column elementor-element elementor-element-c35ff4a sc_inner_width_none sc_layouts_column_icons_position_left\" data-id=\"c35ff4a\" data-element_type=\"column\">\n\t\t\t<div class=\"elementor-widget-wrap elementor-element-populated\">\n\t\t\t\t\t\t<div class=\"elementor-element elementor-element-6875bd6 sc_fly_static elementor-widget elementor-widget-image\" data-id=\"6875bd6\" data-element_type=\"widget\" data-widget_type=\"image.default\">\n\t\t\t\t<div class=\"elementor-widget-container\">\n\t\t\t\t\t\t\t\t\t\t\t\t\t<img fetchpriority=\"high\" decoding=\"async\" width=\"1000\" height=\"1000\" src=\"https:\/\/florencefortunes.com\/wp-content\/uploads\/2024\/08\/7142ca58-fe2c-4437-be8b-e64b393e3320.jpeg\" class=\"attachment-large size-large wp-image-9437\" alt=\"\" srcset=\"https:\/\/florencefortunes.com\/wp-content\/uploads\/2024\/08\/7142ca58-fe2c-4437-be8b-e64b393e3320.jpeg 1024w, https:\/\/florencefortunes.com\/wp-content\/uploads\/2024\/08\/7142ca58-fe2c-4437-be8b-e64b393e3320-300x300.jpeg 300w, https:\/\/florencefortunes.com\/wp-content\/uploads\/2024\/08\/7142ca58-fe2c-4437-be8b-e64b393e3320-150x150.jpeg 150w, https:\/\/florencefortunes.com\/wp-content\/uploads\/2024\/08\/7142ca58-fe2c-4437-be8b-e64b393e3320-768x768.jpeg 768w, https:\/\/florencefortunes.com\/wp-content\/uploads\/2024\/08\/7142ca58-fe2c-4437-be8b-e64b393e3320-12x12.jpeg 12w, https:\/\/florencefortunes.com\/wp-content\/uploads\/2024\/08\/7142ca58-fe2c-4437-be8b-e64b393e3320-370x370.jpeg 370w, https:\/\/florencefortunes.com\/wp-content\/uploads\/2024\/08\/7142ca58-fe2c-4437-be8b-e64b393e3320-90x90.jpeg 90w, https:\/\/florencefortunes.com\/wp-content\/uploads\/2024\/08\/7142ca58-fe2c-4437-be8b-e64b393e3320-760x760.jpeg 760w\" sizes=\"(max-width: 1000px) 100vw, 1000px\" \/>\t\t\t\t\t\t\t\t\t\t\t\t\t<\/div>\n\t\t\t\t<\/div>\n\t\t\t\t<div class=\"elementor-element elementor-element-9c40656 sc_height_small sc_fly_static elementor-widget elementor-widget-spacer\" data-id=\"9c40656\" data-element_type=\"widget\" data-widget_type=\"spacer.default\">\n\t\t\t\t<div class=\"elementor-widget-container\">\n\t\t\t\t\t<div class=\"elementor-spacer\">\n\t\t\t<div class=\"elementor-spacer-inner\"><\/div>\n\t\t<\/div>\n\t\t\t\t<\/div>\n\t\t\t\t<\/div>\n\t\t\t\t\t<\/div>\n\t\t<\/div>\n\t\t\t\t<div class=\"elementor-column elementor-col-50 elementor-top-column elementor-element elementor-element-89fac4b sc_inner_width_none sc_layouts_column_icons_position_left\" data-id=\"89fac4b\" data-element_type=\"column\">\n\t\t\t<div class=\"elementor-widget-wrap elementor-element-populated\">\n\t\t\t\t\t\t<div class=\"elementor-element elementor-element-761600c sc_fly_static elementor-widget elementor-widget-text-editor\" data-id=\"761600c\" data-element_type=\"widget\" data-widget_type=\"text-editor.default\">\n\t\t\t\t<div class=\"elementor-widget-container\">\n\t\t\t\t\t\t\t<p style=\"font-weight: 400;\"><span style=\"color: #425885;\">Pour ceux qui recherchent une exp\u00e9rience unique et m\u00e9morable, je suis ravi d'offrir mes services en tant que m\u00e9dium. Mes comp\u00e9tences sont \u00e0 la disposition de tous ceux qui souhaitent ajouter une touche d'originalit\u00e9 \u00e0 leur programme, en apportant une dimension fascinante et enrichissante. Je vous propose des moments de perspicacit\u00e9 et de divertissement, que ce soit pour une courte visite ou des vacances prolong\u00e9es.<\/span><\/p>\t\t\t\t\t\t<\/div>\n\t\t\t\t<\/div>\n\t\t\t\t<div class=\"elementor-element elementor-element-295c4dc sc_height_small sc_fly_static elementor-widget elementor-widget-spacer\" data-id=\"295c4dc\" data-element_type=\"widget\" data-widget_type=\"spacer.default\">\n\t\t\t\t<div class=\"elementor-widget-container\">\n\t\t\t\t\t<div class=\"elementor-spacer\">\n\t\t\t<div class=\"elementor-spacer-inner\"><\/div>\n\t\t<\/div>\n\t\t\t\t<\/div>\n\t\t\t\t<\/div>\n\t\t\t\t<div class=\"elementor-element elementor-element-a17dfc1 sc_fly_static elementor-widget elementor-widget-text-editor\" data-id=\"a17dfc1\" data-element_type=\"widget\" data-widget_type=\"text-editor.default\">\n\t\t\t\t<div class=\"elementor-widget-container\">\n\t\t\t\t\t\t\t<p style=\"font-weight: 400;\"><span style=\"color: #425885;\">Que vous veniez pour affaires ou pour le plaisir, <span style=\"color: #e3bf0e;\"><strong>Monaco<\/strong><\/span> et <span style=\"color: #e3bf0e;\"><strong>ses environs<\/strong><\/span> offrent une multitude d\u2019\u00e9v\u00e9nements et d\u2019activit\u00e9s \u00e0 appr\u00e9cier. Du glamour du \ud83c\udfc1 <span style=\"color: #e3bf0e;\"><strong>Grand Prix de Monaco<\/strong><\/span> \ud83c\udfce\ufe0f au prestigieux Festival de Jazz de Monte-Carlo, il y a toujours quelque chose \u00e0 faire dans ce lieu vibrant.<\/span><\/p>\t\t\t\t\t\t<\/div>\n\t\t\t\t<\/div>\n\t\t\t\t<div class=\"elementor-element elementor-element-bbd24fc sc_height_small sc_fly_static elementor-widget elementor-widget-spacer\" data-id=\"bbd24fc\" data-element_type=\"widget\" data-widget_type=\"spacer.default\">\n\t\t\t\t<div class=\"elementor-widget-container\">\n\t\t\t\t\t<div class=\"elementor-spacer\">\n\t\t\t<div class=\"elementor-spacer-inner\"><\/div>\n\t\t<\/div>\n\t\t\t\t<\/div>\n\t\t\t\t<\/div>\n\t\t\t\t<div class=\"elementor-element elementor-element-1b3f5af sc_fly_static elementor-widget elementor-widget-text-editor\" data-id=\"1b3f5af\" data-element_type=\"widget\" data-widget_type=\"text-editor.default\">\n\t\t\t\t<div class=\"elementor-widget-container\">\n\t\t\t\t\t\t\t<p style=\"font-weight: 400;\"><span style=\"color: #425885;\">Si vous souhaitez rendre votre \u00e9v\u00e9nement vraiment sp\u00e9cial, n\u2019h\u00e9sitez pas \u00e0 consulter ma page de coordonn\u00e9es. Je serai ravi de vous aider \u00e0 cr\u00e9er une exp\u00e9rience inoubliable. \n<\/br><\/br>Florence Fortunes <\/br>Divine Spirit Elevation<\/span><\/p>\t\t\t\t\t\t<\/div>\n\t\t\t\t<\/div>\n\t\t\t\t<div class=\"elementor-element elementor-element-1cdb1eb sc_fly_static elementor-widget elementor-widget-spacer\" data-id=\"1cdb1eb\" data-element_type=\"widget\" data-widget_type=\"spacer.default\">\n\t\t\t\t<div class=\"elementor-widget-container\">\n\t\t\t\t\t<div class=\"elementor-spacer\">\n\t\t\t<div class=\"elementor-spacer-inner\"><\/div>\n\t\t<\/div>\n\t\t\t\t<\/div>\n\t\t\t\t<\/div>\n\t\t\t\t\t<\/div>\n\t\t<\/div>\n\t\t\t\t\t<\/div>\n\t\t<\/section>\n\t\t\t\t<section class=\"elementor-section elementor-top-section elementor-element elementor-element-37f8f2c elementor-section-boxed elementor-section-height-default elementor-section-height-default\" data-id=\"37f8f2c\" data-element_type=\"section\">\n\t\t\t\t\t\t<div class=\"elementor-container elementor-column-gap-extended\">\n\t\t\t\t\t<div class=\"elementor-column elementor-col-100 elementor-top-column elementor-element elementor-element-b48f512 sc_inner_width_none sc_layouts_column_icons_position_left\" data-id=\"b48f512\" data-element_type=\"column\">\n\t\t\t<div class=\"elementor-widget-wrap elementor-element-populated\">\n\t\t\t\t\t\t<div class=\"elementor-element elementor-element-49e9bb5 sc_fly_static elementor-widget elementor-widget-image\" data-id=\"49e9bb5\" data-element_type=\"widget\" data-widget_type=\"image.default\">\n\t\t\t\t<div class=\"elementor-widget-container\">\n\t\t\t\t\t\t\t\t\t\t\t\t\t<img decoding=\"async\" width=\"1000\" height=\"1000\" src=\"https:\/\/florencefortunes.com\/wp-content\/uploads\/2024\/08\/ca15e786-f9a4-419a-ae80-e2fdfcab850a.jpeg\" class=\"attachment-large size-large wp-image-9438\" alt=\"\" srcset=\"https:\/\/florencefortunes.com\/wp-content\/uploads\/2024\/08\/ca15e786-f9a4-419a-ae80-e2fdfcab850a.jpeg 1024w, https:\/\/florencefortunes.com\/wp-content\/uploads\/2024\/08\/ca15e786-f9a4-419a-ae80-e2fdfcab850a-300x300.jpeg 300w, https:\/\/florencefortunes.com\/wp-content\/uploads\/2024\/08\/ca15e786-f9a4-419a-ae80-e2fdfcab850a-150x150.jpeg 150w, https:\/\/florencefortunes.com\/wp-content\/uploads\/2024\/08\/ca15e786-f9a4-419a-ae80-e2fdfcab850a-768x768.jpeg 768w, https:\/\/florencefortunes.com\/wp-content\/uploads\/2024\/08\/ca15e786-f9a4-419a-ae80-e2fdfcab850a-12x12.jpeg 12w, https:\/\/florencefortunes.com\/wp-content\/uploads\/2024\/08\/ca15e786-f9a4-419a-ae80-e2fdfcab850a-370x370.jpeg 370w, https:\/\/florencefortunes.com\/wp-content\/uploads\/2024\/08\/ca15e786-f9a4-419a-ae80-e2fdfcab850a-90x90.jpeg 90w, https:\/\/florencefortunes.com\/wp-content\/uploads\/2024\/08\/ca15e786-f9a4-419a-ae80-e2fdfcab850a-760x760.jpeg 760w\" sizes=\"(max-width: 1000px) 100vw, 1000px\" \/>\t\t\t\t\t\t\t\t\t\t\t\t\t<\/div>\n\t\t\t\t<\/div>\n\t\t\t\t<div class=\"elementor-element elementor-element-4d1c710 sc_height_medium sc_fly_static elementor-widget elementor-widget-spacer\" data-id=\"4d1c710\" data-element_type=\"widget\" data-widget_type=\"spacer.default\">\n\t\t\t\t<div class=\"elementor-widget-container\">\n\t\t\t\t\t<div class=\"elementor-spacer\">\n\t\t\t<div class=\"elementor-spacer-inner\"><\/div>\n\t\t<\/div>\n\t\t\t\t<\/div>\n\t\t\t\t<\/div>\n\t\t\t\t\t<\/div>\n\t\t<\/div>\n\t\t\t\t\t<\/div>\n\t\t<\/section>\n\t\t\t\t<section class=\"sc_parallax elementor-section elementor-top-section elementor-element elementor-element-a5d8033 elementor-section-stretched elementor-section-content-middle scheme_extra elementor-section-boxed elementor-section-height-default elementor-section-height-default\" data-parallax-blocks=\"[{&quot;type&quot;:&quot;scroll&quot;,&quot;image&quot;:{&quot;url&quot;:&quot;https:\\\/\\\/florencefortunes.com\\\/wp-content\\\/uploads\\\/2024\\\/07\\\/Triskele-04-04.png&quot;,&quot;id&quot;:7516,&quot;size&quot;:&quot;&quot;,&quot;alt&quot;:&quot;&quot;,&quot;source&quot;:&quot;library&quot;},&quot;left&quot;:{&quot;unit&quot;:&quot;px&quot;,&quot;size&quot;:50,&quot;sizes&quot;:[]},&quot;top&quot;:{&quot;unit&quot;:&quot;px&quot;,&quot;size&quot;:&quot;&quot;,&quot;sizes&quot;:[]},&quot;z_index&quot;:{&quot;unit&quot;:&quot;px&quot;,&quot;size&quot;:0,&quot;sizes&quot;:[]},&quot;_id&quot;:&quot;e8bba66&quot;,&quot;bg_size&quot;:&quot;contain&quot;,&quot;animation_prop&quot;:&quot;background&quot;,&quot;speed&quot;:{&quot;unit&quot;:&quot;px&quot;,&quot;size&quot;:50,&quot;sizes&quot;:[]},&quot;class&quot;:&quot;&quot;}]\" data-id=\"a5d8033\" data-element_type=\"section\" data-settings=\"{&quot;stretch_section&quot;:&quot;section-stretched&quot;,&quot;background_background&quot;:&quot;gradient&quot;}\">\n\t\t\t\t\t\t<div class=\"elementor-container elementor-column-gap-extended\">\n\t\t\t\t\t<div class=\"elementor-column elementor-col-100 elementor-top-column elementor-element elementor-element-eb71852 sc_inner_width_none sc_layouts_column_icons_position_left\" data-id=\"eb71852\" data-element_type=\"column\">\n\t\t\t<div class=\"elementor-widget-wrap elementor-element-populated\">\n\t\t\t\t\t\t<div class=\"elementor-element elementor-element-34e7416 sc_fly_static elementor-widget elementor-widget-heading\" data-id=\"34e7416\" data-element_type=\"widget\" data-widget_type=\"heading.default\">\n\t\t\t\t<div class=\"elementor-widget-container\">\n\t\t\t<h2 class=\"elementor-heading-title elementor-size-default\">\u00c0 noter<\/h2>\t\t<\/div>\n\t\t\t\t<\/div>\n\t\t\t\t<div class=\"elementor-element elementor-element-89115f9 sc_fly_static elementor-widget elementor-widget-spacer\" data-id=\"89115f9\" data-element_type=\"widget\" data-widget_type=\"spacer.default\">\n\t\t\t\t<div class=\"elementor-widget-container\">\n\t\t\t\t\t<div class=\"elementor-spacer\">\n\t\t\t<div class=\"elementor-spacer-inner\"><\/div>\n\t\t<\/div>\n\t\t\t\t<\/div>\n\t\t\t\t<\/div>\n\t\t\t\t<div class=\"elementor-element elementor-element-18fb255 sc_fly_static elementor-widget elementor-widget-text-editor\" data-id=\"18fb255\" data-element_type=\"widget\" data-widget_type=\"text-editor.default\">\n\t\t\t\t<div class=\"elementor-widget-container\">\n\t\t\t\t\t\t\t<p><b>Mes consultations sont r\u00e9serv\u00e9es aux adultes de plus de 18 ans UNIQUEMENT. Je ne vous proposerai pas de pr\u00e9dictions sur les chiffres gagnants de la loterie, ni d'interpr\u00e9tations li\u00e9es \u00e0 la mort ou \u00e0 la maladie de quelqu\u2019un. Je me r\u00e9serve le droit de refuser toute consultation en d\u00e9saccord avec mes principes \u00e9thiques.<\/b><\/p>\t\t\t\t\t\t<\/div>\n\t\t\t\t<\/div>\n\t\t\t\t<div class=\"elementor-element elementor-element-9e2f096 sc_height_small sc_fly_static elementor-widget elementor-widget-spacer\" data-id=\"9e2f096\" data-element_type=\"widget\" data-widget_type=\"spacer.default\">\n\t\t\t\t<div class=\"elementor-widget-container\">\n\t\t\t\t\t<div class=\"elementor-spacer\">\n\t\t\t<div class=\"elementor-spacer-inner\"><\/div>\n\t\t<\/div>\n\t\t\t\t<\/div>\n\t\t\t\t<\/div>\n\t\t\t\t\t<\/div>\n\t\t<\/div>\n\t\t\t\t\t<\/div>\n\t\t<\/section>\n\t\t\t\t<section class=\"elementor-section elementor-top-section elementor-element elementor-element-4ba1c00 elementor-section-boxed elementor-section-height-default elementor-section-height-default\" data-id=\"4ba1c00\" data-element_type=\"section\">\n\t\t\t\t\t\t<div class=\"elementor-container elementor-column-gap-extended\">\n\t\t\t\t\t<div class=\"elementor-column elementor-col-100 elementor-top-column elementor-element elementor-element-3601aa8 sc_inner_width_none sc_layouts_column_icons_position_left\" data-id=\"3601aa8\" data-element_type=\"column\">\n\t\t\t<div class=\"elementor-widget-wrap elementor-element-populated\">\n\t\t\t\t\t\t<div class=\"elementor-element elementor-element-4b34a19 sc_height_medium sc_fly_static elementor-widget elementor-widget-spacer\" data-id=\"4b34a19\" data-element_type=\"widget\" data-widget_type=\"spacer.default\">\n\t\t\t\t<div class=\"elementor-widget-container\">\n\t\t\t\t\t<div class=\"elementor-spacer\">\n\t\t\t<div class=\"elementor-spacer-inner\"><\/div>\n\t\t<\/div>\n\t\t\t\t<\/div>\n\t\t\t\t<\/div>\n\t\t\t\t\t<\/div>\n\t\t<\/div>\n\t\t\t\t\t<\/div>\n\t\t<\/section>\n\t\t\t\t<section class=\"elementor-section elementor-top-section elementor-element elementor-element-e415975 elementor-section-content-top elementor-section-boxed elementor-section-height-default elementor-section-height-default\" data-id=\"e415975\" data-element_type=\"section\" data-settings=\"{&quot;background_background&quot;:&quot;classic&quot;}\">\n\t\t\t\t\t\t<div class=\"elementor-container elementor-column-gap-no\">\n\t\t\t\t\t<div class=\"elementor-column elementor-col-100 elementor-top-column elementor-element elementor-element-45b9042 sc_inner_width_none sc_layouts_column_icons_position_left\" data-id=\"45b9042\" data-element_type=\"column\">\n\t\t\t<div class=\"elementor-widget-wrap elementor-element-populated\">\n\t\t\t\t\t\t<div class=\"elementor-element elementor-element-0eeacee sc_height_small sc_fly_static elementor-widget elementor-widget-spacer\" data-id=\"0eeacee\" data-element_type=\"widget\" data-widget_type=\"spacer.default\">\n\t\t\t\t<div class=\"elementor-widget-container\">\n\t\t\t\t\t<div class=\"elementor-spacer\">\n\t\t\t<div class=\"elementor-spacer-inner\"><\/div>\n\t\t<\/div>\n\t\t\t\t<\/div>\n\t\t\t\t<\/div>\n\t\t\t\t<div class=\"elementor-element elementor-element-f143052 sc_fly_static elementor-widget elementor-widget-heading\" data-id=\"f143052\" data-element_type=\"widget\" data-widget_type=\"heading.default\">\n\t\t\t\t<div class=\"elementor-widget-container\">\n\t\t\t<p class=\"elementor-heading-title elementor-size-default\">Obtenez un Devis <\/br>des Maintenant<\/p>\t\t<\/div>\n\t\t\t\t<\/div>\n\t\t\t\t<div class=\"elementor-element elementor-element-d1cbe96 sc_fly_static elementor-widget elementor-widget-shortcode\" data-id=\"d1cbe96\" data-element_type=\"widget\" data-widget_type=\"shortcode.default\">\n\t\t\t\t<div class=\"elementor-widget-container\">\n\t\t\t\t\t<div class=\"elementor-shortcode\">\n<div class=\"wpcf7 no-js\" id=\"wpcf7-f9444-o1\" lang=\"en-US\" dir=\"ltr\">\n<div class=\"screen-reader-response\"><p role=\"status\" aria-live=\"polite\" aria-atomic=\"true\"><\/p> <ul><\/ul><\/div>\n<form action=\"\/fr\/wp-json\/wp\/v2\/pages\/9434#wpcf7-f9444-o1\" method=\"post\" class=\"wpcf7-form init\" aria-label=\"Contact form\" novalidate=\"novalidate\" data-status=\"init\" data-trp-original-action=\"\/fr\/wp-json\/wp\/v2\/pages\/9434#wpcf7-f9444-o1\">\n<div style=\"display: none;\">\n<input type=\"hidden\" name=\"_wpcf7\" value=\"9444\" \/>\n<input type=\"hidden\" name=\"_wpcf7_version\" value=\"5.9.8\" \/>\n<input type=\"hidden\" name=\"_wpcf7_locale\" value=\"en_US\" \/>\n<input type=\"hidden\" name=\"_wpcf7_unit_tag\" value=\"wpcf7-f9444-o1\" \/>\n<input type=\"hidden\" name=\"_wpcf7_container_post\" value=\"0\" \/>\n<input type=\"hidden\" name=\"_wpcf7_posted_data_hash\" value=\"\" \/>\n<input type=\"hidden\" name=\"_wpcf7_recaptcha_response\" value=\"\" \/>\n<\/div>\n<div class=\"elementor-column-gap-extended\">\n\t<div class=\"elementor-row\">\n\t\t<div class=\"elementor-column elementor-col-50\">\n\t\t\t<div class=\"elementor-column-wrap elementor-element-populated\">\n\t\t\t\t<p><span class=\"wpcf7-form-control-wrap\" data-name=\"your-firstname\"><input size=\"40\" maxlength=\"400\" class=\"wpcf7-form-control wpcf7-text wpcf7-validates-as-required\" aria-required=\"true\" aria-invalid=\"false\" placeholder=\"Pr\u00e9nom*\" value=\"\" type=\"text\" name=\"your-firstname\" \/><\/span>\n\t\t\t\t<\/p>\n\t\t\t<\/div>\n\t\t<\/div>\n\t\t<div class=\"elementor-column elementor-col-50\">\n\t\t\t<div class=\"elementor-column-wrap elementor-element-populated\">\n\t\t\t\t<p><span class=\"wpcf7-form-control-wrap\" data-name=\"your-lastname\"><input size=\"40\" maxlength=\"400\" class=\"wpcf7-form-control wpcf7-text wpcf7-validates-as-required\" aria-required=\"true\" aria-invalid=\"false\" placeholder=\"Nom de famille*\" value=\"\" type=\"text\" name=\"your-lastname\" \/><\/span>\n\t\t\t\t<\/p>\n\t\t\t<\/div>\n\t\t<\/div>\n\t<\/div>\n<\/div>\n<div class=\"elementor-column-gap-extended\">\n\t<div class=\"elementor-row\">\n\t\t<div class=\"elementor-column elementor-col-50\">\n\t\t\t<div class=\"elementor-column-wrap elementor-element-populated\">\n\t\t\t\t<p><span class=\"wpcf7-form-control-wrap\" data-name=\"your-tel\"><input size=\"40\" maxlength=\"400\" class=\"wpcf7-form-control wpcf7-tel wpcf7-validates-as-required wpcf7-text wpcf7-validates-as-tel\" aria-required=\"true\" aria-invalid=\"false\" placeholder=\"Num\u00e9ro de t\u00e9l\u00e9phone*\" value=\"\" type=\"tel\" name=\"your-tel\" \/><\/span>\n\t\t\t\t<\/p>\n\t\t\t<\/div>\n\t\t<\/div>\n\t\t<div class=\"elementor-column elementor-col-50\">\n\t\t\t<div class=\"elementor-column-wrap elementor-element-populated\">\n\t\t\t\t<p><span class=\"wpcf7-form-control-wrap\" data-name=\"your-email\"><input size=\"40\" maxlength=\"400\" class=\"wpcf7-form-control wpcf7-email wpcf7-validates-as-required wpcf7-text wpcf7-validates-as-email\" aria-required=\"true\" aria-invalid=\"false\" placeholder=\"Email*\" value=\"\" type=\"email\" name=\"your-email\" \/><\/span>\n\t\t\t\t<\/p>\n\t\t\t<\/div>\n\t\t<\/div>\n\t<\/div>\n<\/div>\n<div class=\"elementor-column elementor-col-100\">\n\t<div class=\"elementor-column-wrap elementor-element-populated\">\n\t\t<p><span class=\"wpcf7-form-control-wrap\" data-name=\"your-address\"><input size=\"40\" maxlength=\"400\" class=\"wpcf7-form-control wpcf7-text wpcf7-validates-as-required\" aria-required=\"true\" aria-invalid=\"false\" placeholder=\"Adresse*\" value=\"\" type=\"text\" name=\"your-address\" \/><\/span>\n\t\t<\/p>\n\t<\/div>\n<\/div>\n<div class=\"elementor-column-gap-extended\">\n\t<div class=\"elementor-row\">\n\t\t<div class=\"elementor-column elementor-col-100\">\n\t\t\t<div class=\"elementor-column-wrap elementor-element-populated\">\n\t\t\t\t<p><span class=\"wpcf7-form-control-wrap\" data-name=\"your-message\"><textarea cols=\"40\" rows=\"10\" maxlength=\"2000\" class=\"wpcf7-form-control wpcf7-textarea wpcf7-validates-as-required\" aria-required=\"true\" aria-invalid=\"false\" placeholder=\"Information Compl\u00e9mentaire*\" name=\"your-message\"><\/textarea><\/span>\n\t\t\t\t<\/p>\n\t\t\t<\/div>\n\t\t<\/div>\n\t<\/div>\n<\/div>\n<div class=\"elementor-column-gap-extended\">\n\t<div class=\"elementor-row\">\n\t\t<div class=\"elementor-column elementor-col-100\">\n\t\t\t<div class=\"elementor-column-wrap elementor-element-populated\">\n\t\t\t\n\t\t\t\t<div class=\"text\">\n\t\t\t\t\t<p>Ce site internet est prot\u00e9g\u00e9 par reCAPTCHA et Google <a href=\"https:\/\/policies.google.com\/privacy\">Privacy Policy<\/a> et <a href=\"https:\/\/policies.google.com\/terms\">Termes et Services<\/a> applicable.\n\t\t\t\t\t<\/p>\n\t\t\t\t<\/div>\n\t\t\t<\/div>\n\t\t<\/div>\n\t<\/div>\n\t<div class=\"elementor-column-gap-extended\">\n\t\t<div class=\"elementor-row\">\n\t\t\t<div class=\"elementor-column elementor-col-100\">\n\t\t\t\t<div class=\"elementor-column-wrap elementor-element-populated\">\n\t\t\t\t\t<div class=\"text\">\n\t\t\t\t\t\t<p>&nbsp&nbsp&nbsp&nbsp<span class=\"wpcf7-form-control-wrap\" data-name=\"acceptance-486\"><span class=\"wpcf7-form-control wpcf7-acceptance\"><span class=\"wpcf7-list-item\"><label><input type=\"checkbox\" name=\"acceptance-486\" value=\"1\" aria-invalid=\"false\" \/><span class=\"wpcf7-list-item-label\">J'accepte que mes donn\u00e9es soient collect\u00e9 et enregistr\u00e9.<\/span><\/label><\/span><\/span><\/span>\n\t\t\t\t\t\t<\/p>\n\t\t\t\t\t<\/div>\n\t\t\t\t<\/div>\n\t\t\t<\/div>\n\t\t<\/div>\n\t\t<div class=\"elementor-column-gap-extended\">\n\t\t\t<div class=\"elementor-row\">\n\t\t\t\t<div class=\"elementor-column elementor-col-100\">\n\t\t\t\t\t<div class=\"elementor-column-wrap elementor-element-populated\">\n\t\t\t\t\t\t<div class=\"text\">\n\t\t\t\t\t\t\t<p>&nbsp&nbsp&nbsp&nbsp&nbsp&nbsp&nbsp&nbsp<input class=\"wpcf7-form-control wpcf7-submit has-spinner\" type=\"submit\" value=\"Envoyer un message\" \/>\n\t\t\t\t\t\t\t<\/p>\n\t\t\t\t\t\t<\/div>\n\t\t\t\t\t<\/div>\n\t\t\t\t<\/div>\n\t\t\t<\/div>\n\t\t<\/div>\n\t<\/div>\n<\/div><div class=\"wpcf7-response-output\" aria-hidden=\"true\"><\/div>\n<input type=\"hidden\" name=\"trp-form-language\" value=\"fr\"\/><\/form>\n<\/div>\n<\/div>\n\t\t\t\t<\/div>\n\t\t\t\t<\/div>\n\t\t\t\t\t<\/div>\n\t\t<\/div>\n\t\t\t\t\t<\/div>\n\t\t<\/section>\n\t\t\t\t<section class=\"elementor-section elementor-top-section elementor-element elementor-element-903f379 elementor-section-boxed elementor-section-height-default elementor-section-height-default\" data-id=\"903f379\" data-element_type=\"section\">\n\t\t\t\t\t\t<div class=\"elementor-container elementor-column-gap-extended\">\n\t\t\t\t\t<div class=\"elementor-column elementor-col-100 elementor-top-column elementor-element elementor-element-588a409 sc_inner_width_none sc_layouts_column_icons_position_left\" data-id=\"588a409\" data-element_type=\"column\">\n\t\t\t<div class=\"elementor-widget-wrap elementor-element-populated\">\n\t\t\t\t\t\t<div class=\"elementor-element elementor-element-0a720cc sc_height_medium sc_fly_static elementor-widget elementor-widget-spacer\" data-id=\"0a720cc\" data-element_type=\"widget\" data-widget_type=\"spacer.default\">\n\t\t\t\t<div class=\"elementor-widget-container\">\n\t\t\t\t\t<div class=\"elementor-spacer\">\n\t\t\t<div class=\"elementor-spacer-inner\"><\/div>\n\t\t<\/div>\n\t\t\t\t<\/div>\n\t\t\t\t<\/div>\n\t\t\t\t\t<\/div>\n\t\t<\/div>\n\t\t\t\t\t<\/div>\n\t\t<\/section>\n\t\t\t\t<\/div>","protected":false},"excerpt":{"rendered":"<p>Events in Monaco and Surroundings For those seeking a more unique and memorable experience, I am pleased to offer my services as a psychic medium. My skills are available to&hellip;<\/p>","protected":false},"author":1,"featured_media":0,"parent":0,"menu_order":0,"comment_status":"closed","ping_status":"closed","template":"","meta":{"_themeisle_gutenberg_block_has_review":false,"footnotes":""},"class_list":["post-9434","page","type-page","status-publish","hentry"],"_links":{"self":[{"href":"https:\/\/florencefortunes.com\/fr\/wp-json\/wp\/v2\/pages\/9434"}],"collection":[{"href":"https:\/\/florencefortunes.com\/fr\/wp-json\/wp\/v2\/pages"}],"about":[{"href":"https:\/\/florencefortunes.com\/fr\/wp-json\/wp\/v2\/types\/page"}],"author":[{"embeddable":true,"href":"https:\/\/florencefortunes.com\/fr\/wp-json\/wp\/v2\/users\/1"}],"replies":[{"embeddable":true,"href":"https:\/\/florencefortunes.com\/fr\/wp-json\/wp\/v2\/comments?post=9434"}],"version-history":[{"count":35,"href":"https:\/\/florencefortunes.com\/fr\/wp-json\/wp\/v2\/pages\/9434\/revisions"}],"predecessor-version":[{"id":10413,"href":"https:\/\/florencefortunes.com\/fr\/wp-json\/wp\/v2\/pages\/9434\/revisions\/10413"}],"wp:attachment":[{"href":"https:\/\/florencefortunes.com\/fr\/wp-json\/wp\/v2\/media?parent=9434"}],"curies":[{"name":"wp","href":"https:\/\/api.w.org\/{rel}","templated":true}]}}