{"id":9095,"date":"2024-08-05T13:43:13","date_gmt":"2024-08-05T13:43:13","guid":{"rendered":"https:\/\/florencefortunes.com\/?page_id=9095"},"modified":"2024-08-27T14:45:50","modified_gmt":"2024-08-27T14:45:50","slug":"tribute-to","status":"publish","type":"page","link":"https:\/\/florencefortunes.com\/fr\/tribute-to\/","title":{"rendered":"Hommages"},"content":{"rendered":"<div data-elementor-type=\"wp-page\" data-elementor-id=\"9095\" class=\"elementor elementor-9095\" data-elementor-post-type=\"page\">\n\t\t\t\t\t\t<section class=\"elementor-section elementor-top-section elementor-element elementor-element-14d729f elementor-section-full_width elementor-section-content-middle elementor-section-stretched elementor-section-height-default elementor-section-height-default\" data-id=\"14d729f\" data-element_type=\"section\" data-settings=\"{&quot;stretch_section&quot;:&quot;section-stretched&quot;}\">\n\t\t\t\t\t\t<div class=\"elementor-container elementor-column-gap-extended\">\n\t\t\t\t\t<div class=\"elementor-column elementor-col-100 elementor-top-column elementor-element elementor-element-4cbbb0c sc_inner_width_none sc_layouts_column_icons_position_left\" data-id=\"4cbbb0c\" data-element_type=\"column\">\n\t\t\t<div class=\"elementor-widget-wrap elementor-element-populated\">\n\t\t\t\t\t\t<div class=\"elementor-element elementor-element-3bb6e08 sc_height_medium sc_fly_static elementor-widget elementor-widget-spacer\" data-id=\"3bb6e08\" data-element_type=\"widget\" data-widget_type=\"spacer.default\">\n\t\t\t\t<div class=\"elementor-widget-container\">\n\t\t\t\t\t<div class=\"elementor-spacer\">\n\t\t\t<div class=\"elementor-spacer-inner\"><\/div>\n\t\t<\/div>\n\t\t\t\t<\/div>\n\t\t\t\t<\/div>\n\t\t\t\t<div class=\"elementor-element elementor-element-c8ad3ce sc_fly_static elementor-invisible elementor-widget elementor-widget-heading\" data-id=\"c8ad3ce\" data-element_type=\"widget\" data-settings=\"{&quot;_animation&quot;:&quot;fadeInDown&quot;}\" data-widget_type=\"heading.default\">\n\t\t\t\t<div class=\"elementor-widget-container\">\n\t\t\t<h2 class=\"elementor-heading-title elementor-size-default\">Hommage a Ted Andrews et\n<\/br>a Mes guides Spirituels<\/h2>\t\t<\/div>\n\t\t\t\t<\/div>\n\t\t\t\t<div class=\"elementor-element elementor-element-501cd15 sc_height_small sc_fly_static elementor-widget elementor-widget-spacer\" data-id=\"501cd15\" data-element_type=\"widget\" data-widget_type=\"spacer.default\">\n\t\t\t\t<div class=\"elementor-widget-container\">\n\t\t\t\t\t<div class=\"elementor-spacer\">\n\t\t\t<div class=\"elementor-spacer-inner\"><\/div>\n\t\t<\/div>\n\t\t\t\t<\/div>\n\t\t\t\t<\/div>\n\t\t\t\t\t<\/div>\n\t\t<\/div>\n\t\t\t\t\t<\/div>\n\t\t<\/section>\n\t\t\t\t<section class=\"elementor-section elementor-top-section elementor-element elementor-element-6ab2c06 elementor-section-stretched elementor-section-boxed elementor-section-height-default elementor-section-height-default\" data-id=\"6ab2c06\" data-element_type=\"section\" data-settings=\"{&quot;stretch_section&quot;:&quot;section-stretched&quot;}\">\n\t\t\t\t\t\t<div class=\"elementor-container elementor-column-gap-extended\">\n\t\t\t\t\t<div class=\"elementor-column elementor-col-50 elementor-top-column elementor-element elementor-element-093fb5f sc_inner_width_none sc_layouts_column_icons_position_left\" data-id=\"093fb5f\" data-element_type=\"column\">\n\t\t\t<div class=\"elementor-widget-wrap elementor-element-populated\">\n\t\t\t\t\t\t<div class=\"elementor-element elementor-element-56bfd87 elementor-widget__width-inherit sc_fly_static elementor-invisible elementor-widget elementor-widget-image\" data-id=\"56bfd87\" data-element_type=\"widget\" data-settings=\"{&quot;_animation&quot;:&quot;fadeInLeft&quot;}\" data-widget_type=\"image.default\">\n\t\t\t\t<div class=\"elementor-widget-container\">\n\t\t\t\t\t\t\t\t\t\t\t\t\t<img fetchpriority=\"high\" decoding=\"async\" width=\"540\" height=\"810\" src=\"https:\/\/florencefortunes.com\/wp-content\/uploads\/2024\/08\/lakota-Ted.jpg\" class=\"attachment-full size-full wp-image-9208\" alt=\"\" srcset=\"https:\/\/florencefortunes.com\/wp-content\/uploads\/2024\/08\/lakota-Ted.jpg 540w, https:\/\/florencefortunes.com\/wp-content\/uploads\/2024\/08\/lakota-Ted-200x300.jpg 200w, https:\/\/florencefortunes.com\/wp-content\/uploads\/2024\/08\/lakota-Ted-8x12.jpg 8w, https:\/\/florencefortunes.com\/wp-content\/uploads\/2024\/08\/lakota-Ted-370x555.jpg 370w\" sizes=\"(max-width: 540px) 100vw, 540px\" \/>\t\t\t\t\t\t\t\t\t\t\t\t\t<\/div>\n\t\t\t\t<\/div>\n\t\t\t\t<div class=\"elementor-element elementor-element-7911185 sc_height_medium sc_fly_static elementor-widget elementor-widget-spacer\" data-id=\"7911185\" data-element_type=\"widget\" data-widget_type=\"spacer.default\">\n\t\t\t\t<div class=\"elementor-widget-container\">\n\t\t\t\t\t<div class=\"elementor-spacer\">\n\t\t\t<div class=\"elementor-spacer-inner\"><\/div>\n\t\t<\/div>\n\t\t\t\t<\/div>\n\t\t\t\t<\/div>\n\t\t\t\t\t<\/div>\n\t\t<\/div>\n\t\t\t\t<div class=\"elementor-column elementor-col-50 elementor-top-column elementor-element elementor-element-47cd425 sc_inner_width_none sc_layouts_column_icons_position_left\" data-id=\"47cd425\" data-element_type=\"column\">\n\t\t\t<div class=\"elementor-widget-wrap elementor-element-populated\">\n\t\t\t\t\t\t<div class=\"elementor-element elementor-element-861037c elementor-widget__width-initial sc_fly_static elementor-invisible elementor-widget elementor-widget-text-editor\" data-id=\"861037c\" data-element_type=\"widget\" data-settings=\"{&quot;_animation&quot;:&quot;fadeInRight&quot;}\" data-widget_type=\"text-editor.default\">\n\t\t\t\t<div class=\"elementor-widget-container\">\n\t\t\t\t\t\t\tTed Andrews \u00e9tait un m\u00e9dium et \u00e9crivain am\u00e9ricain, reconnu pour avoir reli\u00e9 l\u2019\u00e9sot\u00e9risme et le monde animal. De 1993 \u00e0 2009, il a vendu pr\u00e8s de 500 000 exemplaires de son c\u00e9l\u00e8bre livre \"<span style=\"color: #e3bf0e;\"><strong>Animal Speak<\/strong><\/span>\", publi\u00e9 par Llewellyn. Cet ouvrage explore l\u2019id\u00e9e que les animaux peuvent servir de guides spirituels et de symboles. De nombreuses personnes en qu\u00eate de guidance spirituelle et de compr\u00e9hension ont trouv\u00e9 que les enseignements de Ted Andrews sur le symbolisme des animaux, des couleurs, de la flore, des chiffres, des oiseaux et des arbres r\u00e9sonnaient en eux. Ceux qui ont \u00e9t\u00e9 influenc\u00e9s par son travail ont \u00e9t\u00e9 profond\u00e9ment touch\u00e9s par ses perspectives sur les liens entre la spiritualit\u00e9 et la nature. \n<\/br>Ses enseignements continuent de m\u2019inspirer en tant qu\u2019individu cherchant la sagesse du monde spirituel et du r\u00e8gne animal. <strong><span style=\"color: #e3bf0e;\">Son h\u00e9ritage continuera de vivre en nous...<\/span><\/strong>\n<\/br><\/br>\nCet espace est d\u00e9di\u00e9 \u00e0 tous ceux qui ont \u00e9t\u00e9 mes phares dans l'obscurit\u00e9, \u00e0 ceux qui ont travers\u00e9 le voile. Votre pr\u00e9sence bienveillante \u00e9claire toujours mon chemin en tant que m\u00e9dium. \n<\/br>Votre soutien ind\u00e9fectible reste ancr\u00e9 en moi, tel un baume pour mon \u00e2me. Je sens toujours vos regards bienveillants veiller sur moi, et je sais qu'un jour, nos chemins se croiseront \u00e0 nouveau.\n<\/br><\/br>\nFlorence Fortunes<\/br>\nSo mot it Be<\/br>\nDivine Spirit Elevation\t\t\t\t\t\t<\/div>\n\t\t\t\t<\/div>\n\t\t\t\t<div class=\"elementor-element elementor-element-76b1225 sc_height_small sc_fly_static elementor-widget elementor-widget-spacer\" data-id=\"76b1225\" data-element_type=\"widget\" data-widget_type=\"spacer.default\">\n\t\t\t\t<div class=\"elementor-widget-container\">\n\t\t\t\t\t<div class=\"elementor-spacer\">\n\t\t\t<div class=\"elementor-spacer-inner\"><\/div>\n\t\t<\/div>\n\t\t\t\t<\/div>\n\t\t\t\t<\/div>\n\t\t\t\t\t<\/div>\n\t\t<\/div>\n\t\t\t\t\t<\/div>\n\t\t<\/section>\n\t\t\t\t<section class=\"elementor-section elementor-top-section elementor-element elementor-element-35b72ec elementor-section-boxed elementor-section-height-default elementor-section-height-default\" data-id=\"35b72ec\" data-element_type=\"section\">\n\t\t\t\t\t\t<div class=\"elementor-container elementor-column-gap-extended\">\n\t\t\t\t\t<div class=\"elementor-column elementor-col-100 elementor-top-column elementor-element elementor-element-e870a66 sc_inner_width_none sc_layouts_column_icons_position_left\" data-id=\"e870a66\" data-element_type=\"column\">\n\t\t\t<div class=\"elementor-widget-wrap elementor-element-populated\">\n\t\t\t\t\t\t<div class=\"elementor-element elementor-element-e2bff04 sc_height_medium sc_fly_static elementor-widget elementor-widget-spacer\" data-id=\"e2bff04\" data-element_type=\"widget\" data-widget_type=\"spacer.default\">\n\t\t\t\t<div class=\"elementor-widget-container\">\n\t\t\t\t\t<div class=\"elementor-spacer\">\n\t\t\t<div class=\"elementor-spacer-inner\"><\/div>\n\t\t<\/div>\n\t\t\t\t<\/div>\n\t\t\t\t<\/div>\n\t\t\t\t\t<\/div>\n\t\t<\/div>\n\t\t\t\t\t<\/div>\n\t\t<\/section>\n\t\t\t\t<\/div>","protected":false},"excerpt":{"rendered":"<p>a Tribute to Ted Andrews and More Ted Andrews was an American writer and psychic, a teacher of esoteric practices. During the period between 1993 and 2009, he was successful&hellip;<\/p>","protected":false},"author":1,"featured_media":0,"parent":0,"menu_order":0,"comment_status":"closed","ping_status":"closed","template":"","meta":{"_themeisle_gutenberg_block_has_review":false,"footnotes":""},"class_list":["post-9095","page","type-page","status-publish","hentry"],"_links":{"self":[{"href":"https:\/\/florencefortunes.com\/fr\/wp-json\/wp\/v2\/pages\/9095"}],"collection":[{"href":"https:\/\/florencefortunes.com\/fr\/wp-json\/wp\/v2\/pages"}],"about":[{"href":"https:\/\/florencefortunes.com\/fr\/wp-json\/wp\/v2\/types\/page"}],"author":[{"embeddable":true,"href":"https:\/\/florencefortunes.com\/fr\/wp-json\/wp\/v2\/users\/1"}],"replies":[{"embeddable":true,"href":"https:\/\/florencefortunes.com\/fr\/wp-json\/wp\/v2\/comments?post=9095"}],"version-history":[{"count":76,"href":"https:\/\/florencefortunes.com\/fr\/wp-json\/wp\/v2\/pages\/9095\/revisions"}],"predecessor-version":[{"id":10472,"href":"https:\/\/florencefortunes.com\/fr\/wp-json\/wp\/v2\/pages\/9095\/revisions\/10472"}],"wp:attachment":[{"href":"https:\/\/florencefortunes.com\/fr\/wp-json\/wp\/v2\/media?parent=9095"}],"curies":[{"name":"wp","href":"https:\/\/api.w.org\/{rel}","templated":true}]}}