{"id":8180,"date":"2024-08-01T21:16:42","date_gmt":"2024-08-01T21:16:42","guid":{"rendered":"https:\/\/florencefortunes.com\/?page_id=8180"},"modified":"2024-08-27T21:29:52","modified_gmt":"2024-08-27T21:29:52","slug":"terms-and-conditions","status":"publish","type":"page","link":"https:\/\/florencefortunes.com\/fr\/terms-and-conditions\/","title":{"rendered":"Mentions L\u00e9gales"},"content":{"rendered":"<div data-elementor-type=\"wp-page\" data-elementor-id=\"8180\" class=\"elementor elementor-8180\" data-elementor-post-type=\"page\">\n\t\t\t\t\t\t<section class=\"elementor-section elementor-top-section elementor-element elementor-element-18edd2b elementor-section-full_width elementor-section-height-default elementor-section-height-default\" data-id=\"18edd2b\" data-element_type=\"section\">\n\t\t\t\t\t\t<div class=\"elementor-container elementor-column-gap-default\">\n\t\t\t\t\t<div class=\"elementor-column elementor-col-100 elementor-top-column elementor-element elementor-element-7af94a9 sc_inner_width_none sc_layouts_column_icons_position_left\" data-id=\"7af94a9\" data-element_type=\"column\">\n\t\t\t<div class=\"elementor-widget-wrap elementor-element-populated\">\n\t\t\t\t\t\t<div class=\"elementor-element elementor-element-4849077 sc_height_medium sc_fly_static elementor-widget elementor-widget-spacer\" data-id=\"4849077\" data-element_type=\"widget\" data-widget_type=\"spacer.default\">\n\t\t\t\t<div class=\"elementor-widget-container\">\n\t\t\t\t\t<div class=\"elementor-spacer\">\n\t\t\t<div class=\"elementor-spacer-inner\"><\/div>\n\t\t<\/div>\n\t\t\t\t<\/div>\n\t\t\t\t<\/div>\n\t\t\t\t<div class=\"elementor-element elementor-element-b6e1c2b sc_fly_static elementor-widget elementor-widget-heading\" data-id=\"b6e1c2b\" data-element_type=\"widget\" data-widget_type=\"heading.default\">\n\t\t\t\t<div class=\"elementor-widget-container\">\n\t\t\t<h2 class=\"elementor-heading-title elementor-size-default\">Mentions L\u00e9gales<\/h2>\t\t<\/div>\n\t\t\t\t<\/div>\n\t\t\t\t<div class=\"elementor-element elementor-element-fe2d9e6 sc_height_small sc_fly_static elementor-widget elementor-widget-spacer\" data-id=\"fe2d9e6\" data-element_type=\"widget\" data-widget_type=\"spacer.default\">\n\t\t\t\t<div class=\"elementor-widget-container\">\n\t\t\t\t\t<div class=\"elementor-spacer\">\n\t\t\t<div class=\"elementor-spacer-inner\"><\/div>\n\t\t<\/div>\n\t\t\t\t<\/div>\n\t\t\t\t<\/div>\n\t\t\t\t<div class=\"elementor-element elementor-element-9c1fb9d sc_fly_static elementor-widget elementor-widget-text-editor\" data-id=\"9c1fb9d\" data-element_type=\"widget\" data-widget_type=\"text-editor.default\">\n\t\t\t\t<div class=\"elementor-widget-container\">\n\t\t\t\t\t\t\t<span style=\"color: #e3bf0e;\"><strong>En r\u00e9servant un rendez-vous avec moi, Florence Fortunes, vous acceptez les conditions g\u00e9n\u00e9rales suivantes de mes services.<\/strong><\/span> Le non-respect de ces directives entra\u00eenera l'annulation de la consultation sans remboursement.\n<\/br><\/br>\nJe ne suis ni expert en sant\u00e9, ni en finances, ni en comptabilit\u00e9. Je ne fournirai aucun conseil m\u00e9dical, juridique ou fiscal.\n<\/br><\/br>\nJe comprends que les consultations r\u00e9alis\u00e9es par Florence Fortunes ont pour objectif d'offrir des \u00e9clairages sur ma vie personnelle, professionnelle et commerciale, et ne constituent en aucun cas des conseils m\u00e9dicaux, juridiques, fiscaux ou financiers.\n<\/br><\/br>\nJe comprends que Florence Fortunes n'a aucun contr\u00f4le sur les personnes ou les \u00e9l\u00e9ments qui interviennent lors de ma consultation, ni sur ce qui est discut\u00e9.\n<\/br><\/br>\nJe comprends que je suis la seule personne autoris\u00e9e \u00e0 \u00eatre pr\u00e9sente dans la salle de consultation pendant ma s\u00e9ance.\n<\/br><\/br>\nJe m'engage \u00e0 ne pas tenir Florence Fortunes, ses affili\u00e9s ou ses biens responsables de tout dommage ou perte r\u00e9sultant de cette consultation.\n<\/br><\/br>\n<strong><span style=\"color: #e3bf0e;\">Je comprends qu'une fois la r\u00e9servation confirm\u00e9e, l'annulation ne sera autoris\u00e9e qu'une seule fois, sous 24 heures, mais elle ne sera pas remboursable.<\/span><\/strong>\n<\/br><\/br>\nEn r\u00e9servant un rendez-vous en visioconf\u00e9rence, je comprends que Florence Fortunes me contactera. Je dois pr\u00e9voir une marge de 15 minutes \u00e0 partir de l'heure de d\u00e9but de mon rendez-vous.\n<\/br><\/br>\nEn raison des r\u00e9glementations sur la confidentialit\u00e9, les enregistrements audio et vid\u00e9o sont strictement interdits pendant une consultation. Cependant, il est encourag\u00e9 au client de prendre des notes.\n<\/br><\/br>\n<strong><span style=\"color: #e3bf0e;\">En proc\u00e9dant \u00e0 la r\u00e9servation, vous reconnaissez avoir lu, compris et accept\u00e9 ces conditions g\u00e9n\u00e9rales de vente de mes services.<\/span><\/strong>\n<\/br><\/br>\nMerci pour votre compr\u00e9hension.\n<\/br><\/br>\nFlorence Fortunes<\/br>\nSo mot it be<\/br>\nDivine Spirit Elevation\t\t\t\t\t\t<\/div>\n\t\t\t\t<\/div>\n\t\t\t\t<div class=\"elementor-element elementor-element-65a31fe sc_fly_static elementor-widget elementor-widget-spacer\" data-id=\"65a31fe\" data-element_type=\"widget\" data-widget_type=\"spacer.default\">\n\t\t\t\t<div class=\"elementor-widget-container\">\n\t\t\t\t\t<div class=\"elementor-spacer\">\n\t\t\t<div class=\"elementor-spacer-inner\"><\/div>\n\t\t<\/div>\n\t\t\t\t<\/div>\n\t\t\t\t<\/div>\n\t\t\t\t<div class=\"elementor-element elementor-element-4fd8762 sc_height_medium sc_fly_static elementor-widget elementor-widget-spacer\" data-id=\"4fd8762\" data-element_type=\"widget\" data-widget_type=\"spacer.default\">\n\t\t\t\t<div class=\"elementor-widget-container\">\n\t\t\t\t\t<div class=\"elementor-spacer\">\n\t\t\t<div class=\"elementor-spacer-inner\"><\/div>\n\t\t<\/div>\n\t\t\t\t<\/div>\n\t\t\t\t<\/div>\n\t\t\t\t\t<\/div>\n\t\t<\/div>\n\t\t\t\t\t<\/div>\n\t\t<\/section>\n\t\t\t\t<\/div>","protected":false},"excerpt":{"rendered":"<p>Terms and Conditions\u200b By booking an appointment with me, you agree to the following terms and conditions. Failure to comply with these guidelines will result in the cancellation of your&hellip;<\/p>","protected":false},"author":1,"featured_media":0,"parent":0,"menu_order":0,"comment_status":"closed","ping_status":"closed","template":"","meta":{"_themeisle_gutenberg_block_has_review":false,"footnotes":""},"class_list":["post-8180","page","type-page","status-publish","hentry"],"_links":{"self":[{"href":"https:\/\/florencefortunes.com\/fr\/wp-json\/wp\/v2\/pages\/8180"}],"collection":[{"href":"https:\/\/florencefortunes.com\/fr\/wp-json\/wp\/v2\/pages"}],"about":[{"href":"https:\/\/florencefortunes.com\/fr\/wp-json\/wp\/v2\/types\/page"}],"author":[{"embeddable":true,"href":"https:\/\/florencefortunes.com\/fr\/wp-json\/wp\/v2\/users\/1"}],"replies":[{"embeddable":true,"href":"https:\/\/florencefortunes.com\/fr\/wp-json\/wp\/v2\/comments?post=8180"}],"version-history":[{"count":44,"href":"https:\/\/florencefortunes.com\/fr\/wp-json\/wp\/v2\/pages\/8180\/revisions"}],"predecessor-version":[{"id":10542,"href":"https:\/\/florencefortunes.com\/fr\/wp-json\/wp\/v2\/pages\/8180\/revisions\/10542"}],"wp:attachment":[{"href":"https:\/\/florencefortunes.com\/fr\/wp-json\/wp\/v2\/media?parent=8180"}],"curies":[{"name":"wp","href":"https:\/\/api.w.org\/{rel}","templated":true}]}}