{"id":7674,"date":"2024-07-26T11:54:03","date_gmt":"2024-07-26T11:54:03","guid":{"rendered":"https:\/\/florencefortunes.com\/?page_id=7674"},"modified":"2024-09-09T17:05:44","modified_gmt":"2024-09-09T17:05:44","slug":"about-me","status":"publish","type":"page","link":"https:\/\/florencefortunes.com\/fr\/about-me\/","title":{"rendered":"Qui suis-je"},"content":{"rendered":"<div data-elementor-type=\"wp-page\" data-elementor-id=\"7674\" class=\"elementor elementor-7674\" data-elementor-post-type=\"page\">\n\t\t\t\t\t\t<section class=\"elementor-section elementor-top-section elementor-element elementor-element-0beec1c elementor-section-boxed elementor-section-height-default elementor-section-height-default\" data-id=\"0beec1c\" data-element_type=\"section\">\n\t\t\t\t\t\t<div class=\"elementor-container elementor-column-gap-extended\">\n\t\t\t\t\t<div class=\"elementor-column elementor-col-100 elementor-top-column elementor-element elementor-element-3a38684 sc_inner_width_none sc_layouts_column_icons_position_left\" data-id=\"3a38684\" data-element_type=\"column\">\n\t\t\t<div class=\"elementor-widget-wrap elementor-element-populated\">\n\t\t\t\t\t\t<div class=\"elementor-element elementor-element-1d792de sc_height_medium sc_fly_static elementor-widget elementor-widget-spacer\" data-id=\"1d792de\" data-element_type=\"widget\" data-widget_type=\"spacer.default\">\n\t\t\t\t<div class=\"elementor-widget-container\">\n\t\t\t\t\t<div class=\"elementor-spacer\">\n\t\t\t<div class=\"elementor-spacer-inner\"><\/div>\n\t\t<\/div>\n\t\t\t\t<\/div>\n\t\t\t\t<\/div>\n\t\t\t\t<div class=\"elementor-element elementor-element-342e547 sc_fly_static elementor-widget elementor-widget-heading\" data-id=\"342e547\" data-element_type=\"widget\" data-widget_type=\"heading.default\">\n\t\t\t\t<div class=\"elementor-widget-container\">\n\t\t\t<h2 class=\"elementor-heading-title elementor-size-default\">Permettez-moi de me Presenter<\/h2>\t\t<\/div>\n\t\t\t\t<\/div>\n\t\t\t\t<div class=\"elementor-element elementor-element-70fa7f2 sc_height_small sc_fly_static elementor-widget elementor-widget-spacer\" data-id=\"70fa7f2\" data-element_type=\"widget\" data-widget_type=\"spacer.default\">\n\t\t\t\t<div class=\"elementor-widget-container\">\n\t\t\t\t\t<div class=\"elementor-spacer\">\n\t\t\t<div class=\"elementor-spacer-inner\"><\/div>\n\t\t<\/div>\n\t\t\t\t<\/div>\n\t\t\t\t<\/div>\n\t\t\t\t\t<\/div>\n\t\t<\/div>\n\t\t\t\t\t<\/div>\n\t\t<\/section>\n\t\t\t\t<section class=\"elementor-section elementor-top-section elementor-element elementor-element-b47ac7c elementor-section-boxed elementor-section-height-default elementor-section-height-default\" data-id=\"b47ac7c\" data-element_type=\"section\">\n\t\t\t\t\t\t<div class=\"elementor-container elementor-column-gap-narrow\">\n\t\t\t\t\t<div class=\"elementor-column elementor-col-50 elementor-top-column elementor-element elementor-element-f533967 sc_inner_width_1_1 sc_layouts_column sc_layouts_column_align_center sc_layouts_column_icons_position_left\" data-id=\"f533967\" data-element_type=\"column\">\n\t\t\t<div class=\"elementor-widget-wrap elementor-element-populated\">\n\t\t\t\t\t\t<div class=\"elementor-element elementor-element-4ce8133 elementor-widget__width-initial sc_fly_static elementor-widget elementor-widget-image\" data-id=\"4ce8133\" data-element_type=\"widget\" data-widget_type=\"image.default\">\n\t\t\t\t<div class=\"elementor-widget-container\">\n\t\t\t\t\t\t\t\t\t\t\t\t\t<img fetchpriority=\"high\" decoding=\"async\" width=\"2403\" height=\"3063\" src=\"https:\/\/florencefortunes.com\/wp-content\/uploads\/2024\/08\/Photo-cadre-FF-grotte-1.png\" class=\"attachment-full size-full wp-image-10082\" alt=\"\" srcset=\"https:\/\/florencefortunes.com\/wp-content\/uploads\/2024\/08\/Photo-cadre-FF-grotte-1.png 2403w, https:\/\/florencefortunes.com\/wp-content\/uploads\/2024\/08\/Photo-cadre-FF-grotte-1-235x300.png 235w, https:\/\/florencefortunes.com\/wp-content\/uploads\/2024\/08\/Photo-cadre-FF-grotte-1-803x1024.png 803w, https:\/\/florencefortunes.com\/wp-content\/uploads\/2024\/08\/Photo-cadre-FF-grotte-1-768x979.png 768w, https:\/\/florencefortunes.com\/wp-content\/uploads\/2024\/08\/Photo-cadre-FF-grotte-1-1205x1536.png 1205w, https:\/\/florencefortunes.com\/wp-content\/uploads\/2024\/08\/Photo-cadre-FF-grotte-1-1607x2048.png 1607w, https:\/\/florencefortunes.com\/wp-content\/uploads\/2024\/08\/Photo-cadre-FF-grotte-1-9x12.png 9w, https:\/\/florencefortunes.com\/wp-content\/uploads\/2024\/08\/Photo-cadre-FF-grotte-1-370x472.png 370w, https:\/\/florencefortunes.com\/wp-content\/uploads\/2024\/08\/Photo-cadre-FF-grotte-1-760x969.png 760w\" sizes=\"(max-width: 2403px) 100vw, 2403px\" \/>\t\t\t\t\t\t\t\t\t\t\t\t\t<\/div>\n\t\t\t\t<\/div>\n\t\t\t\t\t<\/div>\n\t\t<\/div>\n\t\t\t\t<div class=\"elementor-column elementor-col-50 elementor-top-column elementor-element elementor-element-52347ba sc_inner_width_none sc_layouts_column_icons_position_left\" data-id=\"52347ba\" data-element_type=\"column\">\n\t\t\t<div class=\"elementor-widget-wrap elementor-element-populated\">\n\t\t\t\t\t\t<div class=\"elementor-element elementor-element-499be54 elementor-widget__width-initial sc_fly_static elementor-widget elementor-widget-text-editor\" data-id=\"499be54\" data-element_type=\"widget\" data-widget_type=\"text-editor.default\">\n\t\t\t\t<div class=\"elementor-widget-container\">\n\t\t\t\t\t\t\t<p>Je m\u2019appelle <span style=\"color: #e3bf0e;\"><strong>Florence Fortunes<\/strong><\/span>, je suis m\u00e9dium n\u00e9cromancienne dont les origines plongent leurs racines dans l\u2019histoire ancienne et riche de la civilisation celte. Pour ceux qui cherchent guidance et \u00e9claircissement, je vous propose une vari\u00e9t\u00e9 de supports divinatoires \u00e0 l\u2019aide d\u2019outils comme les tarots et Oracles, me permettant de lire les messages du haut-del\u00e0 et de perp\u00e9tuer cette connexion spirituelle en offrant mes services de consultation en \u00a0<span style=\"color: #e3bf0e;\"><strong>Fran\u00e7ais<\/strong><\/span> et <span style=\"color: #e3bf0e;\"><strong>Anglais<\/strong><\/span>.<\/p><p>Pour ceux qui recherchent des conseils et une meilleure compr\u00e9hension, je propose une gamme d'outils divinatoires, comme mes divers tarots et oracles. Les messages subtils de l'univers qui se trouvent dans mes cartes vous permettent de saisir les \u00e9nigmes de votre vie et de trouver votre propre voie.<\/p><p>Au-del\u00e0 de ma pratique des arts divinatoires, ma mission est profond\u00e9ment ancr\u00e9e dans l'humanisme et la bienveillance. En tant que passeuse d'\u00e2mes, je me tiens aux c\u00f4t\u00e9s des familles endeuill\u00e9es, offrant r\u00e9confort, soutien et accompagnement dans cette dure \u00e9preuve qu'est la perte d'un \u00eatre cher.<\/p><p>Je souhaite rendre mes services accessibles \u00e0 tous, de <span style=\"color: #e3bf0e;\"><strong>Menton \u00e0 Nice<\/strong><\/span>, en passant par <span style=\"color: #e3bf0e;\"><strong>Monaco<\/strong><\/span>, que ce soit en personne, par t\u00e9l\u00e9phone ou dans une salle de conf\u00e9rence virtuelle via <span style=\"color: #e3bf0e;\"><strong>Zoom<\/strong><\/span> ou <span style=\"color: #e3bf0e;\"><strong>Google Meet<\/strong><\/span>. Lors de mes consultations, je partagerai les messages acquis \u00e0 travers mes pratiques divinatoires, vous permettant ainsi d'\u00e9voluer en tant qu'individu.\u00a0<\/p>\t\t\t\t\t\t<\/div>\n\t\t\t\t<\/div>\n\t\t\t\t<div class=\"elementor-element elementor-element-e81fb74 sc_height_tiny sc_fly_static elementor-widget elementor-widget-spacer\" data-id=\"e81fb74\" data-element_type=\"widget\" data-widget_type=\"spacer.default\">\n\t\t\t\t<div class=\"elementor-widget-container\">\n\t\t\t\t\t<div class=\"elementor-spacer\">\n\t\t\t<div class=\"elementor-spacer-inner\"><\/div>\n\t\t<\/div>\n\t\t\t\t<\/div>\n\t\t\t\t<\/div>\n\t\t\t\t\t<\/div>\n\t\t<\/div>\n\t\t\t\t\t<\/div>\n\t\t<\/section>\n\t\t\t\t<section class=\"elementor-section elementor-top-section elementor-element elementor-element-6808a83 elementor-section-boxed elementor-section-height-default elementor-section-height-default\" data-id=\"6808a83\" data-element_type=\"section\">\n\t\t\t\t\t\t<div class=\"elementor-container elementor-column-gap-extended\">\n\t\t\t\t\t<div class=\"elementor-column elementor-col-50 elementor-top-column elementor-element elementor-element-8f00386 sc_inner_width_none sc_layouts_column_icons_position_left\" data-id=\"8f00386\" data-element_type=\"column\">\n\t\t\t<div class=\"elementor-widget-wrap elementor-element-populated\">\n\t\t\t\t\t\t<div class=\"elementor-element elementor-element-20c507e sc_fly_static elementor-widget elementor-widget-text-editor\" data-id=\"20c507e\" data-element_type=\"widget\" data-widget_type=\"text-editor.default\">\n\t\t\t\t<div class=\"elementor-widget-container\">\n\t\t\t\t\t\t\tJe vous invite chaleureusement \u00e0 d\u00e9couvrir mon univers des arts divinatoires, o\u00f9 chaque consultation est une porte ouverte vers un voyage int\u00e9rieur propice \u00e0 l'\u00e9l\u00e9vation de l'\u00eatre. Vous aurez l'opportunit\u00e9 d'explorer les myst\u00e8res enfouis, pr\u00eats \u00e0 \u00eatre d\u00e9voil\u00e9s et \u00e0 \u00e9clairer votre chemin. Ensemble, nous explorerons les myst\u00e8res qui vous entourent, pour r\u00e9v\u00e9ler les messages qui vous permettront de progresser sur votre chemin de vie.\n<\/br><\/br>\nEn conclusion, je vous invite \u00e0 franchir le seuil de mon univers spirituel, o\u00f9 chaque consultation devient un v\u00e9ritable voyage int\u00e9rieur, guid\u00e9 par la sagesse des anciennes traditions celtiques. Que vous soyez \u00e0 la recherche de guidance spirituelle, de r\u00e9confort ou d\u2019un simple \u00e9claircissement, je suis l\u00e0 pour vous accompagner avec bienveillance et compassion.\n<\/br><\/br>\nSi vous souhaitez r\u00e9server une consultation ou si vous avez des questions qui vous pr\u00e9occupent, n\u2019h\u00e9sitez pas \u00e0 me contacter \u00e0 travers ma page de contact, disponible \u00e0 tout moment. Je serais ravi de pouvoir r\u00e9pondre \u00e0 toutes vos questions ou requ\u00eates relatives \u00e0 mon travail ainsi qu'aux divers services que je mets \u00e0 votre disposition.\n<\/br><\/br>\nFlorence Fortunes<\/br>\nSo mot it be<\/br>\nDivine Spirit Elevation\t\t\t\t\t\t<\/div>\n\t\t\t\t<\/div>\n\t\t\t\t<div class=\"elementor-element elementor-element-2aaa5e0 sc_height_small sc_fly_static elementor-widget elementor-widget-spacer\" data-id=\"2aaa5e0\" data-element_type=\"widget\" data-widget_type=\"spacer.default\">\n\t\t\t\t<div class=\"elementor-widget-container\">\n\t\t\t\t\t<div class=\"elementor-spacer\">\n\t\t\t<div class=\"elementor-spacer-inner\"><\/div>\n\t\t<\/div>\n\t\t\t\t<\/div>\n\t\t\t\t<\/div>\n\t\t\t\t\t<\/div>\n\t\t<\/div>\n\t\t\t\t<div class=\"elementor-column elementor-col-50 elementor-top-column elementor-element elementor-element-a2da933 sc_inner_width_none sc_layouts_column_icons_position_left\" data-id=\"a2da933\" data-element_type=\"column\">\n\t\t\t<div class=\"elementor-widget-wrap elementor-element-populated\">\n\t\t\t\t\t\t<div class=\"elementor-element elementor-element-0e73fd7 elementor-widget__width-inherit sc_fly_static elementor-widget elementor-widget-image\" data-id=\"0e73fd7\" data-element_type=\"widget\" data-widget_type=\"image.default\">\n\t\t\t\t<div class=\"elementor-widget-container\">\n\t\t\t\t\t\t\t\t\t\t\t\t\t<img decoding=\"async\" src=\"https:\/\/florencefortunes.com\/wp-content\/uploads\/elementor\/thumbs\/IMG_7371-Modifier-crop-scaled-qs38fi32vq2fio9t9lrp6dt27u7kwoynwa64yvanao.jpg\" title=\"IMG_7371-Modifier-crop\" alt=\"IMG_7371-Modifier-crop\" loading=\"lazy\" \/>\t\t\t\t\t\t\t\t\t\t\t\t\t<\/div>\n\t\t\t\t<\/div>\n\t\t\t\t<div class=\"elementor-element elementor-element-f365195 sc_height_small sc_fly_static elementor-widget elementor-widget-spacer\" data-id=\"f365195\" data-element_type=\"widget\" data-widget_type=\"spacer.default\">\n\t\t\t\t<div class=\"elementor-widget-container\">\n\t\t\t\t\t<div class=\"elementor-spacer\">\n\t\t\t<div class=\"elementor-spacer-inner\"><\/div>\n\t\t<\/div>\n\t\t\t\t<\/div>\n\t\t\t\t<\/div>\n\t\t\t\t\t<\/div>\n\t\t<\/div>\n\t\t\t\t\t<\/div>\n\t\t<\/section>\n\t\t\t\t<section class=\"elementor-section elementor-top-section elementor-element elementor-element-35b72ec elementor-section-boxed elementor-section-height-default elementor-section-height-default\" data-id=\"35b72ec\" data-element_type=\"section\">\n\t\t\t\t\t\t<div class=\"elementor-container elementor-column-gap-extended\">\n\t\t\t\t\t<div class=\"elementor-column elementor-col-100 elementor-top-column elementor-element elementor-element-e870a66 sc_inner_width_none sc_layouts_column_icons_position_left\" data-id=\"e870a66\" data-element_type=\"column\">\n\t\t\t<div class=\"elementor-widget-wrap elementor-element-populated\">\n\t\t\t\t\t\t<div class=\"elementor-element elementor-element-e2bff04 sc_height_medium sc_fly_static elementor-widget elementor-widget-spacer\" data-id=\"e2bff04\" data-element_type=\"widget\" data-widget_type=\"spacer.default\">\n\t\t\t\t<div class=\"elementor-widget-container\">\n\t\t\t\t\t<div class=\"elementor-spacer\">\n\t\t\t<div class=\"elementor-spacer-inner\"><\/div>\n\t\t<\/div>\n\t\t\t\t<\/div>\n\t\t\t\t<\/div>\n\t\t\t\t\t<\/div>\n\t\t<\/div>\n\t\t\t\t\t<\/div>\n\t\t<\/section>\n\t\t\t\t<section class=\"elementor-section elementor-top-section elementor-element elementor-element-4cd27e5 elementor-section-stretched elementor-section-boxed elementor-section-height-default elementor-section-height-default\" data-id=\"4cd27e5\" data-element_type=\"section\" data-settings=\"{&quot;stretch_section&quot;:&quot;section-stretched&quot;,&quot;background_background&quot;:&quot;video&quot;,&quot;background_video_link&quot;:&quot;https:\\\/\\\/florencefortunes.com\\\/wp-content\\\/uploads\\\/2024\\\/07\\\/Plumes-volantes.mp4&quot;,&quot;background_play_on_mobile&quot;:&quot;yes&quot;,&quot;background_privacy_mode&quot;:&quot;yes&quot;}\">\n\t\t\t\t\t\t\t\t<div class=\"elementor-background-video-container\">\n\t\t\t\t\t\t\t\t\t\t\t\t\t<video class=\"elementor-background-video-hosted elementor-html5-video\" autoplay muted playsinline loop><\/video>\n\t\t\t\t\t\t\t\t\t\t\t<\/div>\n\t\t\t\t\t\t\t\t<div class=\"elementor-container elementor-column-gap-extended\">\n\t\t\t\t\t<div class=\"elementor-column elementor-col-100 elementor-top-column elementor-element elementor-element-abcb2a7 sc_inner_width_none sc_layouts_column_icons_position_left elementor-invisible\" data-id=\"abcb2a7\" data-element_type=\"column\" data-settings=\"{&quot;animation&quot;:&quot;fadeInLeft&quot;}\">\n\t\t\t<div class=\"elementor-widget-wrap elementor-element-populated\">\n\t\t\t\t\t\t<div class=\"elementor-element elementor-element-f74703e sc_fly_static elementor-widget elementor-widget-heading\" data-id=\"f74703e\" data-element_type=\"widget\" data-widget_type=\"heading.default\">\n\t\t\t\t<div class=\"elementor-widget-container\">\n\t\t\t<h2 class=\"elementor-heading-title elementor-size-default\">Dakshina \"Donner en Retour\"<\/h2>\t\t<\/div>\n\t\t\t\t<\/div>\n\t\t\t\t<div class=\"elementor-element elementor-element-06e4d0e sc_fly_static elementor-widget elementor-widget-text-editor\" data-id=\"06e4d0e\" data-element_type=\"widget\" data-widget_type=\"text-editor.default\">\n\t\t\t\t<div class=\"elementor-widget-container\">\n\t\t\t\t\t\t\t<p><span style=\"color: #000000;\">DONATIONS<\/span><\/p>\t\t\t\t\t\t<\/div>\n\t\t\t\t<\/div>\n\t\t\t\t<div class=\"elementor-element elementor-element-ffcaa01 sc_fly_static elementor-widget elementor-widget-spacer\" data-id=\"ffcaa01\" data-element_type=\"widget\" data-widget_type=\"spacer.default\">\n\t\t\t\t<div class=\"elementor-widget-container\">\n\t\t\t\t\t<div class=\"elementor-spacer\">\n\t\t\t<div class=\"elementor-spacer-inner\"><\/div>\n\t\t<\/div>\n\t\t\t\t<\/div>\n\t\t\t\t<\/div>\n\t\t\t\t<div class=\"elementor-element elementor-element-841bed0 sc_fly_static elementor-widget elementor-widget-text-editor\" data-id=\"841bed0\" data-element_type=\"widget\" data-widget_type=\"text-editor.default\">\n\t\t\t\t<div class=\"elementor-widget-container\">\n\t\t\t\t\t\t\t<p><span style=\"color: #000000;\">Dakshina est une tradition ancienne de ceux qui pratiquent les arts spirituels. C'est une d\u00e9monstration de g\u00e9n\u00e9rosit\u00e9, une contribution priv\u00e9e au soutien financier du consultant spirituel et de ses enseignements. <\/span><span style=\"color: #000000;\">Lorsque nous ressentons une impulsion int\u00e9rieure pure caus\u00e9e par un but sup\u00e9rieur pour aider les autres, pour exprimer notre gratitude inconditionnelle, cela s'appelle Dakshina. Nous sommes guid\u00e9s par nos sentiments et, dans ce cas, le montant que nous donnons est sans importance tant que nous trouvons notre v\u00e9ritable Moi.<\/span><\/p>\t\t\t\t\t\t<\/div>\n\t\t\t\t<\/div>\n\t\t\t\t<div class=\"elementor-element elementor-element-724a2f0 sc_fly_static elementor-widget elementor-widget-spacer\" data-id=\"724a2f0\" data-element_type=\"widget\" data-widget_type=\"spacer.default\">\n\t\t\t\t<div class=\"elementor-widget-container\">\n\t\t\t\t\t<div class=\"elementor-spacer\">\n\t\t\t<div class=\"elementor-spacer-inner\"><\/div>\n\t\t<\/div>\n\t\t\t\t<\/div>\n\t\t\t\t<\/div>\n\t\t\t\t<div class=\"elementor-element elementor-element-0e84df3 sc_fly_static elementor-widget elementor-widget-html\" data-id=\"0e84df3\" data-element_type=\"widget\" data-widget_type=\"html.default\">\n\t\t\t\t<div class=\"elementor-widget-container\">\n\t\t\t<script async\r\n src=\"https:\/\/js.stripe.com\/v3\/buy-button.js\">\r\n<\/script>\r\n\r\n<stripe-buy-button\r\n  buy-button-id=\"buy_btn_1PluEHP3d4zkvKC612aAg3Je\"\r\n  publishable-key=\"pk_live_51PPFKjP3d4zkvKC6s9DgCiGuXbcxmgWwyX89FmUrvsMamrTZBAAwtuuX7k2i4kMGD3TCeBDNFnzA7VAyFbeycP5M002Urk3kcq\"\r\n>\r\n<\/stripe-buy-button>\t\t<\/div>\n\t\t\t\t<\/div>\n\t\t\t\t<div class=\"elementor-element elementor-element-a908bc1 sc_fly_static elementor-widget elementor-widget-html\" data-id=\"a908bc1\" data-element_type=\"widget\" data-widget_type=\"html.default\">\n\t\t\t\t<div class=\"elementor-widget-container\">\n\t\t\t<div id=\"donate-button-container\">\r\n<div id=\"donate-button\"><\/div>\r\n<script src=\"https:\/\/www.paypalobjects.com\/donate\/sdk\/donate-sdk.js\" charset=\"UTF-8\"><\/script>\r\n<script>\r\nPayPal.Donation.Button({\r\nenv:'production',\r\nhosted_button_id:'QZ3A8T7H5UJNW',\r\nimage: {\r\nsrc:'https:\/\/www.paypalobjects.com\/en_US\/FR\/i\/btn\/btn_donateCC_LG.gif',\r\nalt:'Donate with PayPal button',\r\ntitle:'PayPal - The safer, easier way to pay online!',\r\n}\r\n}).render('#donate-button');\r\n<\/script>\r\n<\/div>\t\t<\/div>\n\t\t\t\t<\/div>\n\t\t\t\t\t<\/div>\n\t\t<\/div>\n\t\t\t\t\t<\/div>\n\t\t<\/section>\n\t\t\t\t<\/div>","protected":false},"excerpt":{"rendered":"<p>Let me introduce Myself I am Florence Fortunes, a medium psychic necromancer with deep roots in the rich Celtic traditions. Generations of gifted practitioners, blessed with extraordinary gifts, trace back&hellip;<\/p>","protected":false},"author":1,"featured_media":0,"parent":0,"menu_order":0,"comment_status":"closed","ping_status":"closed","template":"","meta":{"_themeisle_gutenberg_block_has_review":false,"footnotes":""},"class_list":["post-7674","page","type-page","status-publish","hentry"],"_links":{"self":[{"href":"https:\/\/florencefortunes.com\/fr\/wp-json\/wp\/v2\/pages\/7674"}],"collection":[{"href":"https:\/\/florencefortunes.com\/fr\/wp-json\/wp\/v2\/pages"}],"about":[{"href":"https:\/\/florencefortunes.com\/fr\/wp-json\/wp\/v2\/types\/page"}],"author":[{"embeddable":true,"href":"https:\/\/florencefortunes.com\/fr\/wp-json\/wp\/v2\/users\/1"}],"replies":[{"embeddable":true,"href":"https:\/\/florencefortunes.com\/fr\/wp-json\/wp\/v2\/comments?post=7674"}],"version-history":[{"count":143,"href":"https:\/\/florencefortunes.com\/fr\/wp-json\/wp\/v2\/pages\/7674\/revisions"}],"predecessor-version":[{"id":10678,"href":"https:\/\/florencefortunes.com\/fr\/wp-json\/wp\/v2\/pages\/7674\/revisions\/10678"}],"wp:attachment":[{"href":"https:\/\/florencefortunes.com\/fr\/wp-json\/wp\/v2\/media?parent=7674"}],"curies":[{"name":"wp","href":"https:\/\/api.w.org\/{rel}","templated":true}]}}