{"id":407,"date":"2018-12-12T16:39:54","date_gmt":"2018-12-12T16:39:54","guid":{"rendered":"https:\/\/florencefortunes.com\/?page_id=407"},"modified":"2024-08-09T15:52:27","modified_gmt":"2024-08-09T15:52:27","slug":"inad","status":"publish","type":"page","link":"https:\/\/florencefortunes.com\/fr\/inad\/","title":{"rendered":"INAD"},"content":{"rendered":"<div data-elementor-type=\"wp-post\" data-elementor-id=\"407\" class=\"elementor elementor-407\" data-elementor-post-type=\"page\">\n\t\t\t\t\t\t<section class=\"elementor-section elementor-top-section elementor-element elementor-element-159258c elementor-section-boxed elementor-section-height-default elementor-section-height-default\" data-id=\"159258c\" data-element_type=\"section\">\n\t\t\t\t\t\t<div class=\"elementor-container elementor-column-gap-extended\">\n\t\t\t\t\t<div class=\"elementor-column elementor-col-100 elementor-top-column elementor-element elementor-element-fe5f5b1 sc_inner_width_none sc_layouts_column_icons_position_left\" data-id=\"fe5f5b1\" data-element_type=\"column\">\n\t\t\t<div class=\"elementor-widget-wrap elementor-element-populated\">\n\t\t\t\t\t\t<div class=\"elementor-element elementor-element-d8adc01 sc_height_medium sc_fly_static elementor-widget elementor-widget-spacer\" data-id=\"d8adc01\" data-element_type=\"widget\" data-widget_type=\"spacer.default\">\n\t\t\t\t<div class=\"elementor-widget-container\">\n\t\t\t\t\t<div class=\"elementor-spacer\">\n\t\t\t<div class=\"elementor-spacer-inner\"><\/div>\n\t\t<\/div>\n\t\t\t\t<\/div>\n\t\t\t\t<\/div>\n\t\t\t\t<div class=\"elementor-element elementor-element-17f2c61 sc_fly_static elementor-widget elementor-widget-image\" data-id=\"17f2c61\" data-element_type=\"widget\" data-widget_type=\"image.default\">\n\t\t\t\t<div class=\"elementor-widget-container\">\n\t\t\t\t\t\t\t\t\t\t\t\t\t<img decoding=\"async\" src=\"https:\/\/florencefortunes.com\/wp-content\/uploads\/elementor\/thumbs\/inad-bg-qrks2mpwbzy55jaj87495tjnsxczgzf5d85mq3comw.png\" title=\"inad-bg\" alt=\"inad-bg\" loading=\"lazy\" \/>\t\t\t\t\t\t\t\t\t\t\t\t\t<\/div>\n\t\t\t\t<\/div>\n\t\t\t\t<div class=\"elementor-element elementor-element-c0bbaf9 sc_height_medium sc_fly_static elementor-widget elementor-widget-spacer\" data-id=\"c0bbaf9\" data-element_type=\"widget\" data-widget_type=\"spacer.default\">\n\t\t\t\t<div class=\"elementor-widget-container\">\n\t\t\t\t\t<div class=\"elementor-spacer\">\n\t\t\t<div class=\"elementor-spacer-inner\"><\/div>\n\t\t<\/div>\n\t\t\t\t<\/div>\n\t\t\t\t<\/div>\n\t\t\t\t<div class=\"elementor-element elementor-element-59269a6 sc_fly_static elementor-widget elementor-widget-heading\" data-id=\"59269a6\" data-element_type=\"widget\" data-widget_type=\"heading.default\">\n\t\t\t\t<div class=\"elementor-widget-container\">\n\t\t\t<h2 class=\"elementor-heading-title elementor-size-default\">Institut National des Arts Divinatoires<\/h2>\t\t<\/div>\n\t\t\t\t<\/div>\n\t\t\t\t<div class=\"elementor-element elementor-element-d6b3684 sc_height_small sc_fly_static elementor-widget elementor-widget-spacer\" data-id=\"d6b3684\" data-element_type=\"widget\" data-widget_type=\"spacer.default\">\n\t\t\t\t<div class=\"elementor-widget-container\">\n\t\t\t\t\t<div class=\"elementor-spacer\">\n\t\t\t<div class=\"elementor-spacer-inner\"><\/div>\n\t\t<\/div>\n\t\t\t\t<\/div>\n\t\t\t\t<\/div>\n\t\t\t\t\t<\/div>\n\t\t<\/div>\n\t\t\t\t\t<\/div>\n\t\t<\/section>\n\t\t\t\t<section class=\"elementor-section elementor-top-section elementor-element elementor-element-a9d1228 elementor-section-boxed elementor-section-height-default elementor-section-height-default\" data-id=\"a9d1228\" data-element_type=\"section\">\n\t\t\t\t\t\t<div class=\"elementor-container elementor-column-gap-extended\">\n\t\t\t\t\t<div class=\"elementor-column elementor-col-50 elementor-top-column elementor-element elementor-element-78b092d sc_inner_width_none sc_layouts_column_icons_position_left\" data-id=\"78b092d\" data-element_type=\"column\">\n\t\t\t<div class=\"elementor-widget-wrap elementor-element-populated\">\n\t\t\t\t\t\t<div class=\"elementor-element elementor-element-814de7a sc_fly_static elementor-widget elementor-widget-spacer\" data-id=\"814de7a\" data-element_type=\"widget\" data-widget_type=\"spacer.default\">\n\t\t\t\t<div class=\"elementor-widget-container\">\n\t\t\t\t\t<div class=\"elementor-spacer\">\n\t\t\t<div class=\"elementor-spacer-inner\"><\/div>\n\t\t<\/div>\n\t\t\t\t<\/div>\n\t\t\t\t<\/div>\n\t\t\t\t<div class=\"elementor-element elementor-element-57702e5 sc_fly_static elementor-widget elementor-widget-heading\" data-id=\"57702e5\" data-element_type=\"widget\" data-widget_type=\"heading.default\">\n\t\t\t\t<div class=\"elementor-widget-container\">\n\t\t\t<h5 class=\"elementor-heading-title elementor-size-default\">Mon Choix<\/h5>\t\t<\/div>\n\t\t\t\t<\/div>\n\t\t\t\t<div class=\"elementor-element elementor-element-7c4b363 sc_fly_static elementor-widget elementor-widget-spacer\" data-id=\"7c4b363\" data-element_type=\"widget\" data-widget_type=\"spacer.default\">\n\t\t\t\t<div class=\"elementor-widget-container\">\n\t\t\t\t\t<div class=\"elementor-spacer\">\n\t\t\t<div class=\"elementor-spacer-inner\"><\/div>\n\t\t<\/div>\n\t\t\t\t<\/div>\n\t\t\t\t<\/div>\n\t\t\t\t<div class=\"elementor-element elementor-element-9e3a973 sc_fly_static elementor-widget elementor-widget-text-editor\" data-id=\"9e3a973\" data-element_type=\"widget\" data-widget_type=\"text-editor.default\">\n\t\t\t\t<div class=\"elementor-widget-container\">\n\t\t\t\t\t\t\t<p style=\"font-weight: 400;\"><span style=\"color: #425885;\">As a member of INAD (National Institute of Divinatory Arts), <strong>membership card No. 2078<\/strong>, and due to my unwavering commitment to inform, warn, and defend my clients, I fully support this initiative aimed at promoting transparency and integrity in the field of divinatory arts. INAD does not merely set high standards, but also strives to inform practitioners of their rights and duties, thus helping them to practice their art with rigor and honesty.<\/span><\/p>\t\t\t\t\t\t<\/div>\n\t\t\t\t<\/div>\n\t\t\t\t<div class=\"elementor-element elementor-element-64de630 sc_fly_static elementor-widget elementor-widget-spacer\" data-id=\"64de630\" data-element_type=\"widget\" data-widget_type=\"spacer.default\">\n\t\t\t\t<div class=\"elementor-widget-container\">\n\t\t\t\t\t<div class=\"elementor-spacer\">\n\t\t\t<div class=\"elementor-spacer-inner\"><\/div>\n\t\t<\/div>\n\t\t\t\t<\/div>\n\t\t\t\t<\/div>\n\t\t\t\t<div class=\"elementor-element elementor-element-17d05f5 sc_fly_static elementor-widget elementor-widget-heading\" data-id=\"17d05f5\" data-element_type=\"widget\" data-widget_type=\"heading.default\">\n\t\t\t\t<div class=\"elementor-widget-container\">\n\t\t\t<h5 class=\"elementor-heading-title elementor-size-default\">Leur Mission\u200b<\/h5>\t\t<\/div>\n\t\t\t\t<\/div>\n\t\t\t\t<div class=\"elementor-element elementor-element-ddc2f39 sc_fly_static elementor-widget elementor-widget-spacer\" data-id=\"ddc2f39\" data-element_type=\"widget\" data-widget_type=\"spacer.default\">\n\t\t\t\t<div class=\"elementor-widget-container\">\n\t\t\t\t\t<div class=\"elementor-spacer\">\n\t\t\t<div class=\"elementor-spacer-inner\"><\/div>\n\t\t<\/div>\n\t\t\t\t<\/div>\n\t\t\t\t<\/div>\n\t\t\t\t<div class=\"elementor-element elementor-element-096ee3d sc_fly_static elementor-widget elementor-widget-text-editor\" data-id=\"096ee3d\" data-element_type=\"widget\" data-widget_type=\"text-editor.default\">\n\t\t\t\t<div class=\"elementor-widget-container\">\n\t\t\t\t\t\t\t<div><span lang=\"EN-US\" style=\"color: #425885;\">Le d\u00e9partement consommateurs de l'INAD joue un r\u00f4le crucial en assurant l'information, la pr\u00e9vention et la protection des consommateurs. Ce d\u00e9partement maintient un registre des professionnels qui adh\u00e8rent \u00e0 la Charte Morale et Professionnelle, garantissant ainsi que ces praticiens respectent les normes \u00e9thiques de la profession. Cette liste constitue une r\u00e9f\u00e9rence pr\u00e9cieuse pour les consommateurs, leur permettant d'\u00e9valuer les comp\u00e9tences et la fiabilit\u00e9 des praticiens. En \u00e9tablissant des relations de confiance fond\u00e9es sur des pratiques transparentes et \u00e9thiques, l'INAD renforce ma conviction en sa mission.<\/span><\/div>\t\t\t\t\t\t<\/div>\n\t\t\t\t<\/div>\n\t\t\t\t\t<\/div>\n\t\t<\/div>\n\t\t\t\t<div class=\"elementor-column elementor-col-50 elementor-top-column elementor-element elementor-element-676adb1 sc_inner_width_none sc_layouts_column_icons_position_left\" data-id=\"676adb1\" data-element_type=\"column\">\n\t\t\t<div class=\"elementor-widget-wrap elementor-element-populated\">\n\t\t\t\t\t\t<div class=\"elementor-element elementor-element-671ccdc sc_fly_static elementor-widget elementor-widget-image\" data-id=\"671ccdc\" data-element_type=\"widget\" data-widget_type=\"image.default\">\n\t\t\t\t<div class=\"elementor-widget-container\">\n\t\t\t\t\t\t\t\t\t\t\t\t\t<img decoding=\"async\" src=\"https:\/\/florencefortunes.com\/wp-content\/uploads\/elementor\/thumbs\/Photo-by-Comstock-scaled-qrg1y1vhq7jj8mll3iiblu9jyv19ipy8n5bzlts03k.jpg\" title=\"Businessmen shaking hands\" alt=\"Businessmen shaking hands\" loading=\"lazy\" \/>\t\t\t\t\t\t\t\t\t\t\t\t\t<\/div>\n\t\t\t\t<\/div>\n\t\t\t\t<div class=\"elementor-element elementor-element-f917850 sc_fly_static elementor-widget elementor-widget-spacer\" data-id=\"f917850\" data-element_type=\"widget\" data-widget_type=\"spacer.default\">\n\t\t\t\t<div class=\"elementor-widget-container\">\n\t\t\t\t\t<div class=\"elementor-spacer\">\n\t\t\t<div class=\"elementor-spacer-inner\"><\/div>\n\t\t<\/div>\n\t\t\t\t<\/div>\n\t\t\t\t<\/div>\n\t\t\t\t<div class=\"elementor-element elementor-element-034bc65 sc_fly_static elementor-widget elementor-widget-heading\" data-id=\"034bc65\" data-element_type=\"widget\" data-widget_type=\"heading.default\">\n\t\t\t\t<div class=\"elementor-widget-container\">\n\t\t\t<h5 class=\"elementor-heading-title elementor-size-default\">Leur Vision\u200b<\/h5>\t\t<\/div>\n\t\t\t\t<\/div>\n\t\t\t\t<div class=\"elementor-element elementor-element-fc34a1a sc_fly_static elementor-widget elementor-widget-spacer\" data-id=\"fc34a1a\" data-element_type=\"widget\" data-widget_type=\"spacer.default\">\n\t\t\t\t<div class=\"elementor-widget-container\">\n\t\t\t\t\t<div class=\"elementor-spacer\">\n\t\t\t<div class=\"elementor-spacer-inner\"><\/div>\n\t\t<\/div>\n\t\t\t\t<\/div>\n\t\t\t\t<\/div>\n\t\t\t\t<div class=\"elementor-element elementor-element-fb7eea1 sc_fly_static elementor-widget elementor-widget-text-editor\" data-id=\"fb7eea1\" data-element_type=\"widget\" data-widget_type=\"text-editor.default\">\n\t\t\t\t<div class=\"elementor-widget-container\">\n\t\t\t\t\t\t\t<div><span lang=\"EN-US\" style=\"color: #425885;\">Gr\u00e2ce \u00e0 ces efforts, l'INAD contribue significativement \u00e0 \u00e9lever le niveau de professionnalisme dans le domaine des arts divinatoires. En tant que membre, je suis fier de faire partie d'une organisation qui place l'int\u00e9r\u00eat des consommateurs au c\u0153ur de ses pr\u00e9occupations et qui travaille sans rel\u00e2che pour assurer un environnement s\u00fbr et \u00e9thique pour tous ceux qui recherchent des conseils et des services dans ce domaine. Mon engagement envers l'INAD est motiv\u00e9 par ma volont\u00e9 de voir les arts divinatoires pratiqu\u00e9s avec la plus grande int\u00e9grit\u00e9, et je suis convaincu que les actions de l'INAD sont essentielles pour atteindre cet objectif.<\/span><\/div>\t\t\t\t\t\t<\/div>\n\t\t\t\t<\/div>\n\t\t\t\t\t<\/div>\n\t\t<\/div>\n\t\t\t\t\t<\/div>\n\t\t<\/section>\n\t\t\t\t<section class=\"elementor-section elementor-top-section elementor-element elementor-element-db3cdbd elementor-section-boxed elementor-section-height-default elementor-section-height-default\" data-id=\"db3cdbd\" data-element_type=\"section\">\n\t\t\t\t\t\t<div class=\"elementor-container elementor-column-gap-extended\">\n\t\t\t\t\t<div class=\"elementor-column elementor-col-100 elementor-top-column elementor-element elementor-element-a35d3b7 sc_inner_width_none sc_layouts_column_icons_position_left\" data-id=\"a35d3b7\" data-element_type=\"column\">\n\t\t\t<div class=\"elementor-widget-wrap elementor-element-populated\">\n\t\t\t\t\t\t<div class=\"elementor-element elementor-element-9c71122 sc_height_medium sc_fly_static elementor-widget elementor-widget-spacer\" data-id=\"9c71122\" data-element_type=\"widget\" data-widget_type=\"spacer.default\">\n\t\t\t\t<div class=\"elementor-widget-container\">\n\t\t\t\t\t<div class=\"elementor-spacer\">\n\t\t\t<div class=\"elementor-spacer-inner\"><\/div>\n\t\t<\/div>\n\t\t\t\t<\/div>\n\t\t\t\t<\/div>\n\t\t\t\t<div class=\"elementor-element elementor-element-47ab893 sc_fly_static elementor-widget elementor-widget-text-editor\" data-id=\"47ab893\" data-element_type=\"widget\" data-widget_type=\"text-editor.default\">\n\t\t\t\t<div class=\"elementor-widget-container\">\n\t\t\t\t\t\t\t<p><span style=\"color: #425885;\">Vous pouvez prendre connaissance de la Charte professionnelle de l'INAD en cliquant sur ce lien ici :<\/span> <span style=\"color: #e37372;\"><a style=\"color: #e37372;\" href=\"#\">Charte de D\u00e9ontologie de l'INAD<\/a><\/span>.<br \/><span style=\"color: #425885;\">Vous pouvez en apprendre plus sur l'INAD en allant visiter le site internet avec ce lien :<\/span> <span style=\"color: #e37372;\"><a style=\"color: #e37372;\" href=\"#\">Site Internet de l'INAD<\/a><\/span>.<\/p>\t\t\t\t\t\t<\/div>\n\t\t\t\t<\/div>\n\t\t\t\t<div class=\"elementor-element elementor-element-aff8e04 sc_height_large sc_fly_static elementor-widget elementor-widget-spacer\" data-id=\"aff8e04\" data-element_type=\"widget\" data-widget_type=\"spacer.default\">\n\t\t\t\t<div class=\"elementor-widget-container\">\n\t\t\t\t\t<div class=\"elementor-spacer\">\n\t\t\t<div class=\"elementor-spacer-inner\"><\/div>\n\t\t<\/div>\n\t\t\t\t<\/div>\n\t\t\t\t<\/div>\n\t\t\t\t\t<\/div>\n\t\t<\/div>\n\t\t\t\t\t<\/div>\n\t\t<\/section>\n\t\t\t\t<\/div>","protected":false},"excerpt":{"rendered":"<p>Institut National des Arts Divinatoires My Choice As a member of INAD (National Institute of Divinatory Arts), membership card No. 2078, and due to my unwavering commitment to inform, warn,&hellip;<\/p>","protected":false},"author":1,"featured_media":0,"parent":0,"menu_order":0,"comment_status":"closed","ping_status":"closed","template":"","meta":{"_themeisle_gutenberg_block_has_review":false,"footnotes":""},"class_list":["post-407","page","type-page","status-publish","hentry"],"_links":{"self":[{"href":"https:\/\/florencefortunes.com\/fr\/wp-json\/wp\/v2\/pages\/407"}],"collection":[{"href":"https:\/\/florencefortunes.com\/fr\/wp-json\/wp\/v2\/pages"}],"about":[{"href":"https:\/\/florencefortunes.com\/fr\/wp-json\/wp\/v2\/types\/page"}],"author":[{"embeddable":true,"href":"https:\/\/florencefortunes.com\/fr\/wp-json\/wp\/v2\/users\/1"}],"replies":[{"embeddable":true,"href":"https:\/\/florencefortunes.com\/fr\/wp-json\/wp\/v2\/comments?post=407"}],"version-history":[{"count":89,"href":"https:\/\/florencefortunes.com\/fr\/wp-json\/wp\/v2\/pages\/407\/revisions"}],"predecessor-version":[{"id":9523,"href":"https:\/\/florencefortunes.com\/fr\/wp-json\/wp\/v2\/pages\/407\/revisions\/9523"}],"wp:attachment":[{"href":"https:\/\/florencefortunes.com\/fr\/wp-json\/wp\/v2\/media?parent=407"}],"curies":[{"name":"wp","href":"https:\/\/api.w.org\/{rel}","templated":true}]}}