{"id":1658,"date":"2019-07-22T14:29:15","date_gmt":"2019-07-22T14:29:15","guid":{"rendered":"https:\/\/florencefortunes.com\/?page_id=1658"},"modified":"2024-08-27T15:05:07","modified_gmt":"2024-08-27T15:05:07","slug":"home","status":"publish","type":"page","link":"https:\/\/florencefortunes.com\/fr\/home\/","title":{"rendered":"Accueil"},"content":{"rendered":"<div data-elementor-type=\"wp-post\" data-elementor-id=\"1658\" class=\"elementor elementor-1658\" data-elementor-post-type=\"page\">\n\t\t\t\t\t\t<section class=\"elementor-section elementor-top-section elementor-element elementor-element-3ad4abb elementor-section-full_width elementor-section-height-min-height elementor-section-items-bottom elementor-section-stretched elementor-section-height-default\" data-id=\"3ad4abb\" data-element_type=\"section\" data-settings=\"{&quot;stretch_section&quot;:&quot;section-stretched&quot;,&quot;background_background&quot;:&quot;classic&quot;}\">\n\t\t\t\t\t\t<div class=\"elementor-container elementor-column-gap-default\">\n\t\t\t\t\t<div class=\"elementor-column elementor-col-100 elementor-top-column elementor-element elementor-element-0732ce6 sc_inner_width_none sc_layouts_column_icons_position_left\" data-id=\"0732ce6\" data-element_type=\"column\">\n\t\t\t<div class=\"elementor-widget-wrap\">\n\t\t\t\t\t\t\t<\/div>\n\t\t<\/div>\n\t\t\t\t\t<\/div>\n\t\t<\/section>\n\t\t\t\t<section class=\"sc_parallax elementor-section elementor-top-section elementor-element elementor-element-5daacc9 elementor-section-stretched elementor-section-content-middle scheme_extra elementor-section-boxed elementor-section-height-default elementor-section-height-default\" data-parallax-blocks=\"[{&quot;type&quot;:&quot;scroll&quot;,&quot;image&quot;:{&quot;url&quot;:&quot;https:\\\/\\\/florencefortunes.com\\\/wp-content\\\/uploads\\\/2024\\\/07\\\/Triskele-04-04.png&quot;,&quot;id&quot;:7516,&quot;size&quot;:&quot;&quot;,&quot;alt&quot;:&quot;&quot;,&quot;source&quot;:&quot;library&quot;},&quot;left&quot;:{&quot;unit&quot;:&quot;px&quot;,&quot;size&quot;:50,&quot;sizes&quot;:[]},&quot;top&quot;:{&quot;unit&quot;:&quot;px&quot;,&quot;size&quot;:&quot;&quot;,&quot;sizes&quot;:[]},&quot;z_index&quot;:{&quot;unit&quot;:&quot;px&quot;,&quot;size&quot;:0,&quot;sizes&quot;:[]},&quot;_id&quot;:&quot;e8bba66&quot;,&quot;bg_size&quot;:&quot;contain&quot;,&quot;animation_prop&quot;:&quot;background&quot;,&quot;speed&quot;:{&quot;unit&quot;:&quot;px&quot;,&quot;size&quot;:50,&quot;sizes&quot;:[]},&quot;class&quot;:&quot;&quot;}]\" data-id=\"5daacc9\" data-element_type=\"section\" data-settings=\"{&quot;stretch_section&quot;:&quot;section-stretched&quot;,&quot;background_background&quot;:&quot;gradient&quot;}\">\n\t\t\t\t\t\t<div class=\"elementor-container elementor-column-gap-extended\">\n\t\t\t\t\t<div class=\"elementor-column elementor-col-100 elementor-top-column elementor-element elementor-element-e03b07e sc_inner_width_none sc_layouts_column_icons_position_left elementor-invisible\" data-id=\"e03b07e\" data-element_type=\"column\" data-settings=\"{&quot;animation&quot;:&quot;fadeInRight&quot;}\">\n\t\t\t<div class=\"elementor-widget-wrap elementor-element-populated\">\n\t\t\t\t\t\t<div class=\"elementor-element elementor-element-a320e15 sc_height_large sc_fly_static elementor-widget elementor-widget-spacer\" data-id=\"a320e15\" data-element_type=\"widget\" data-widget_type=\"spacer.default\">\n\t\t\t\t<div class=\"elementor-widget-container\">\n\t\t\t\t\t<div class=\"elementor-spacer\">\n\t\t\t<div class=\"elementor-spacer-inner\"><\/div>\n\t\t<\/div>\n\t\t\t\t<\/div>\n\t\t\t\t<\/div>\n\t\t\t\t<div class=\"elementor-element elementor-element-63219d2 sc_fly_static elementor-widget elementor-widget-text-editor\" data-id=\"63219d2\" data-element_type=\"widget\" data-widget_type=\"text-editor.default\">\n\t\t\t\t<div class=\"elementor-widget-container\">\n\t\t\t\t\t\t\t<p>\"Ma mission est de rendre mes services de consultation de tarot accessibles \u00e0 quiconque, car je suis convaincu que chacun devrait pouvoir b\u00e9n\u00e9ficier de conseils et de clart\u00e9. Mon engagement est de partager des perspectives profondes sur mes pratiques divinatoires, permettant \u00e0 chacun d'explorer les dimensions spirituelles et intuitives de la vie. Je souhaite encourager et cr\u00e9er des opportunit\u00e9s d'apprentissage, que ce soit par des ressources \u00e9ducatives, le d\u00e9veloppement personnel ou des exp\u00e9riences partag\u00e9es. Je souhaite \u00e9galement faciliter la prise de rendez-vous pour mes consultations, cr\u00e9er un espace accueillant pour les demandes et questions li\u00e9es \u00e0 mon art est au c\u0153ur de ma mission. Ces objectifs t\u00e9moignent de mon engagement \u00e0 rendre mes services non seulement accessibles, mais aussi significatifs et enrichissants pour tous.\"<\/p>\t\t\t\t\t\t<\/div>\n\t\t\t\t<\/div>\n\t\t\t\t<div class=\"elementor-element elementor-element-85ecd1e sc_height_small sc_fly_static elementor-widget elementor-widget-spacer\" data-id=\"85ecd1e\" data-element_type=\"widget\" data-widget_type=\"spacer.default\">\n\t\t\t\t<div class=\"elementor-widget-container\">\n\t\t\t\t\t<div class=\"elementor-spacer\">\n\t\t\t<div class=\"elementor-spacer-inner\"><\/div>\n\t\t<\/div>\n\t\t\t\t<\/div>\n\t\t\t\t<\/div>\n\t\t\t\t<div class=\"elementor-element elementor-element-769ce95 sc_fly_static elementor-widget elementor-widget-trx_sc_button\" data-id=\"769ce95\" data-element_type=\"widget\" data-widget_type=\"trx_sc_button.default\">\n\t\t\t\t<div class=\"elementor-widget-container\">\n\t\t\t<div class=\"sc_item_button sc_button_wrap sc_align_center\"><a href=\"https:\/\/florencefortunes.com\/fr\/about-me\/\" id=\"trx_sc_button_1046455675\" class=\"sc_button sc_button_default sc_button_size_normal sc_button_icon_left\"><span class=\"sc_button_text sc_align_center\"><span class=\"sc_button_title\">Permettez-moi de me pr\u00e9senter<\/span><\/span><!-- \/.sc_button_text --><\/a><!-- \/.sc_button --><\/div><!-- \/.sc_item_button -->\t\t<\/div>\n\t\t\t\t<\/div>\n\t\t\t\t\t<\/div>\n\t\t<\/div>\n\t\t\t\t\t<\/div>\n\t\t<\/section>\n\t\t\t\t<section class=\"elementor-section elementor-top-section elementor-element elementor-element-2b252791 elementor-section-stretched elementor-section-boxed elementor-section-height-default elementor-section-height-default\" data-id=\"2b252791\" data-element_type=\"section\" data-settings=\"{&quot;stretch_section&quot;:&quot;section-stretched&quot;,&quot;background_background&quot;:&quot;video&quot;,&quot;background_video_link&quot;:&quot;https:\\\/\\\/florencefortunes.com\\\/wp-content\\\/uploads\\\/2024\\\/07\\\/Plumes-volantes.mp4&quot;,&quot;background_play_on_mobile&quot;:&quot;yes&quot;,&quot;background_privacy_mode&quot;:&quot;yes&quot;}\">\n\t\t\t\t\t\t\t\t<div class=\"elementor-background-video-container\">\n\t\t\t\t\t\t\t\t\t\t\t\t\t<video class=\"elementor-background-video-hosted elementor-html5-video\" autoplay muted playsinline loop><\/video>\n\t\t\t\t\t\t\t\t\t\t\t<\/div>\n\t\t\t\t\t\t\t\t<div class=\"elementor-container elementor-column-gap-extended\">\n\t\t\t\t\t<div class=\"elementor-column elementor-col-100 elementor-top-column elementor-element elementor-element-490ac90f sc_inner_width_none sc_layouts_column_icons_position_left elementor-invisible\" data-id=\"490ac90f\" data-element_type=\"column\" data-settings=\"{&quot;animation&quot;:&quot;fadeInLeft&quot;}\">\n\t\t\t<div class=\"elementor-widget-wrap elementor-element-populated\">\n\t\t\t\t\t\t<div class=\"elementor-element elementor-element-9e7e064 sc_fly_static elementor-widget elementor-widget-heading\" data-id=\"9e7e064\" data-element_type=\"widget\" data-widget_type=\"heading.default\">\n\t\t\t\t<div class=\"elementor-widget-container\">\n\t\t\t<h2 class=\"elementor-heading-title elementor-size-default\">Dakshina \"Donner en Retour\"<\/h2>\t\t<\/div>\n\t\t\t\t<\/div>\n\t\t\t\t<div class=\"elementor-element elementor-element-3b522ad sc_fly_static elementor-widget elementor-widget-text-editor\" data-id=\"3b522ad\" data-element_type=\"widget\" data-widget_type=\"text-editor.default\">\n\t\t\t\t<div class=\"elementor-widget-container\">\n\t\t\t\t\t\t\t<p><span style=\"color: #000000;\">DONATIONS<\/span><\/p>\t\t\t\t\t\t<\/div>\n\t\t\t\t<\/div>\n\t\t\t\t<div class=\"elementor-element elementor-element-183b4904 sc_fly_static elementor-widget elementor-widget-spacer\" data-id=\"183b4904\" data-element_type=\"widget\" data-widget_type=\"spacer.default\">\n\t\t\t\t<div class=\"elementor-widget-container\">\n\t\t\t\t\t<div class=\"elementor-spacer\">\n\t\t\t<div class=\"elementor-spacer-inner\"><\/div>\n\t\t<\/div>\n\t\t\t\t<\/div>\n\t\t\t\t<\/div>\n\t\t\t\t<div class=\"elementor-element elementor-element-118e780c sc_fly_static elementor-widget elementor-widget-text-editor\" data-id=\"118e780c\" data-element_type=\"widget\" data-widget_type=\"text-editor.default\">\n\t\t\t\t<div class=\"elementor-widget-container\">\n\t\t\t\t\t\t\t<p>Dakshina est une tradition ancienne de ceux qui pratiquent les arts spirituels. C'est une d\u00e9monstration de g\u00e9n\u00e9rosit\u00e9, une contribution priv\u00e9e au soutien financier du consultant spirituel et de ses enseignements. Lorsque nous ressentons une impulsion int\u00e9rieure pure caus\u00e9e par un but sup\u00e9rieur pour aider les autres, pour exprimer notre gratitude inconditionnelle, cela s'appelle Dakshina. Nous sommes guid\u00e9s par nos sentiments et, dans ce cas, le montant que nous donnons est sans importance tant que nous trouvons notre v\u00e9ritable Moi.\u00a0<\/p>\t\t\t\t\t\t<\/div>\n\t\t\t\t<\/div>\n\t\t\t\t<div class=\"elementor-element elementor-element-de33f5e sc_fly_static elementor-widget elementor-widget-spacer\" data-id=\"de33f5e\" data-element_type=\"widget\" data-widget_type=\"spacer.default\">\n\t\t\t\t<div class=\"elementor-widget-container\">\n\t\t\t\t\t<div class=\"elementor-spacer\">\n\t\t\t<div class=\"elementor-spacer-inner\"><\/div>\n\t\t<\/div>\n\t\t\t\t<\/div>\n\t\t\t\t<\/div>\n\t\t\t\t<div class=\"elementor-element elementor-element-aefd489 sc_fly_static elementor-widget elementor-widget-html\" data-id=\"aefd489\" data-element_type=\"widget\" data-widget_type=\"html.default\">\n\t\t\t\t<div class=\"elementor-widget-container\">\n\t\t\t<script async\r\n src=\"https:\/\/js.stripe.com\/v3\/buy-button.js\">\r\n<\/script>\r\n\r\n<stripe-buy-button\r\n  buy-button-id=\"buy_btn_1PluEHP3d4zkvKC612aAg3Je\"\r\n  publishable-key=\"pk_live_51PPFKjP3d4zkvKC6s9DgCiGuXbcxmgWwyX89FmUrvsMamrTZBAAwtuuX7k2i4kMGD3TCeBDNFnzA7VAyFbeycP5M002Urk3kcq\"\r\n>\r\n<\/stripe-buy-button>\t\t<\/div>\n\t\t\t\t<\/div>\n\t\t\t\t<div class=\"elementor-element elementor-element-3914a88 sc_fly_static elementor-widget elementor-widget-html\" data-id=\"3914a88\" data-element_type=\"widget\" data-widget_type=\"html.default\">\n\t\t\t\t<div class=\"elementor-widget-container\">\n\t\t\t<div id=\"donate-button-container\">\r\n<div id=\"donate-button\"><\/div>\r\n<script src=\"https:\/\/www.paypalobjects.com\/donate\/sdk\/donate-sdk.js\" charset=\"UTF-8\"><\/script>\r\n<script>\r\nPayPal.Donation.Button({\r\nenv:'production',\r\nhosted_button_id:'QZ3A8T7H5UJNW',\r\nimage: {\r\nsrc:'https:\/\/www.paypalobjects.com\/en_US\/FR\/i\/btn\/btn_donateCC_LG.gif',\r\nalt:'Donate with PayPal button',\r\ntitle:'PayPal - The safer, easier way to pay online!',\r\n}\r\n}).render('#donate-button');\r\n<\/script>\r\n<\/div>\t\t<\/div>\n\t\t\t\t<\/div>\n\t\t\t\t\t<\/div>\n\t\t<\/div>\n\t\t\t\t\t<\/div>\n\t\t<\/section>\n\t\t\t\t<section class=\"elementor-section elementor-top-section elementor-element elementor-element-90c3107 elementor-section-boxed elementor-section-height-default elementor-section-height-default\" data-id=\"90c3107\" data-element_type=\"section\">\n\t\t\t\t\t\t<div class=\"elementor-container elementor-column-gap-extended\">\n\t\t\t\t\t<div class=\"elementor-column elementor-col-100 elementor-top-column elementor-element elementor-element-c755ecb sc_inner_width_none sc_layouts_column_icons_position_left\" data-id=\"c755ecb\" data-element_type=\"column\">\n\t\t\t<div class=\"elementor-widget-wrap\">\n\t\t\t\t\t\t\t<\/div>\n\t\t<\/div>\n\t\t\t\t\t<\/div>\n\t\t<\/section>\n\t\t\t\t<\/div>","protected":false},"excerpt":{"rendered":"<p>\u201cMy objective is to ensure that everyone has access to my tarot reading services, as I believe that guidance and clarity should be available to all who seek them. I&hellip;<\/p>","protected":false},"author":1,"featured_media":0,"parent":0,"menu_order":0,"comment_status":"closed","ping_status":"closed","template":"","meta":{"_themeisle_gutenberg_block_has_review":false,"footnotes":""},"class_list":["post-1658","page","type-page","status-publish","hentry"],"_links":{"self":[{"href":"https:\/\/florencefortunes.com\/fr\/wp-json\/wp\/v2\/pages\/1658"}],"collection":[{"href":"https:\/\/florencefortunes.com\/fr\/wp-json\/wp\/v2\/pages"}],"about":[{"href":"https:\/\/florencefortunes.com\/fr\/wp-json\/wp\/v2\/types\/page"}],"author":[{"embeddable":true,"href":"https:\/\/florencefortunes.com\/fr\/wp-json\/wp\/v2\/users\/1"}],"replies":[{"embeddable":true,"href":"https:\/\/florencefortunes.com\/fr\/wp-json\/wp\/v2\/comments?post=1658"}],"version-history":[{"count":610,"href":"https:\/\/florencefortunes.com\/fr\/wp-json\/wp\/v2\/pages\/1658\/revisions"}],"predecessor-version":[{"id":10496,"href":"https:\/\/florencefortunes.com\/fr\/wp-json\/wp\/v2\/pages\/1658\/revisions\/10496"}],"wp:attachment":[{"href":"https:\/\/florencefortunes.com\/fr\/wp-json\/wp\/v2\/media?parent=1658"}],"curies":[{"name":"wp","href":"https:\/\/api.w.org\/{rel}","templated":true}]}}